{"id":9524,"date":"2020-07-17T00:24:43","date_gmt":"2020-07-17T00:24:43","guid":{"rendered":"https:\/\/basakcilastik.com.tr\/?post_type=product&#038;p=9524"},"modified":"2020-07-17T00:24:43","modified_gmt":"2020-07-17T00:24:43","slug":"gas-35-m-afc-professional-islakkuru-elektrik-supurges","status":"publish","type":"product","link":"https:\/\/alibasakciend.com.tr\/?product=gas-35-m-afc-professional-islakkuru-elektrik-supurges","title":{"rendered":"GAS 35 M AFC Professional Islakkuru elektrik s\u00fcp\u00fcrges"},"content":{"rendered":"<p>Teknik veriler<\/p>\n<table width=\"750\">\n<thead>\n<tr>\n<td colspan=\"2\">Ek veriler<\/td>\n<\/tr>\n<\/thead>\n<tbody>\n<tr>\n<td><strong>Maks. giri\u015f g\u00fcc\u00fc*<\/strong><\/td>\n<td><strong>1.380<\/strong>\u00a0<strong>W<\/strong><\/td>\n<\/tr>\n<tr>\n<td><strong>A\u011f\u0131rl\u0131k*<\/strong><\/td>\n<td><strong>12,4<\/strong>\u00a0<strong>kg<\/strong><\/td>\n<\/tr>\n<tr>\n<td><strong>Hazne hacmi, net*<\/strong><\/td>\n<td><strong>23<\/strong>\u00a0<strong>lt<\/strong><\/td>\n<\/tr>\n<tr>\n<td>Toz s\u0131n\u0131f\u0131, \u0131slak\/kuru elektrik s\u00fcp\u00fcrgesi<\/td>\n<td>M<\/td>\n<\/tr>\n<tr>\n<td>Nominal giri\u015f g\u00fcc\u00fc<\/td>\n<td>1.200\u00a0W<\/td>\n<\/tr>\n<tr>\n<td>Hazne hacmi, br\u00fct<\/td>\n<td>35\u00a0lt<\/td>\n<\/tr>\n<tr>\n<td>Hazne hacmi, net su<\/td>\n<td>19,2\u00a0lt<\/td>\n<\/tr>\n<tr>\n<td>Toz s\u0131n\u0131f\u0131<\/td>\n<td>M<\/td>\n<\/tr>\n<tr>\n<td>Tak\u0131m \u00f6l\u00e7\u00fcleri (geni\u015flik)<\/td>\n<td>450\u00a0mm<\/td>\n<\/tr>\n<tr>\n<td>Tak\u0131m \u00f6l\u00e7\u00fcleri (uzunluk)<\/td>\n<td>515\u00a0mm<\/td>\n<\/tr>\n<tr>\n<td>Tak\u0131m \u00f6l\u00e7\u00fcleri (y\u00fckseklik)<\/td>\n<td>575\u00a0mm<\/td>\n<\/tr>\n<tr>\n<td>Filtre y\u00fczeyi<\/td>\n<td>6.150\u00a0cm\u00b2<\/td>\n<\/tr>\n<tr>\n<td>Maks. hava ak\u0131\u015f oran\u0131 (t\u00fcrbin)<\/td>\n<td>74\u00a0lt\/sn<\/td>\n<\/tr>\n<tr>\n<td>Maks. vakum bas\u0131nc\u0131 (t\u00fcrbin)<\/td>\n<td>254\u00a0mbar<\/td>\n<\/tr>\n<\/tbody>\n<\/table>\n<p>* Vurgulanan Veriler<\/p>\n","protected":false},"excerpt":{"rendered":"<p>Teknik veriler Ek veriler Maks. giri\u015f g\u00fcc\u00fc* 1.380\u00a0W A\u011f\u0131rl\u0131k* 12,4\u00a0kg Hazne hacmi, net* 23\u00a0lt Toz s\u0131n\u0131f\u0131, \u0131slak\/kuru elektrik s\u00fcp\u00fcrgesi M Nominal giri\u015f g\u00fcc\u00fc 1.200\u00a0W Hazne hacmi, br\u00fct 35\u00a0lt Hazne hacmi, net su 19,2\u00a0lt Toz s\u0131n\u0131f\u0131 M Tak\u0131m \u00f6l\u00e7\u00fcleri (geni\u015flik) 450\u00a0mm Tak\u0131m \u00f6l\u00e7\u00fcleri (uzunluk) 515\u00a0mm Tak\u0131m \u00f6l\u00e7\u00fcleri (y\u00fckseklik) 575\u00a0mm Filtre y\u00fczeyi 6.150\u00a0cm\u00b2 Maks. hava ak\u0131\u015f oran\u0131 &hellip; <\/p>\n<p class=\"link-more\"><a href=\"https:\/\/alibasakciend.com.tr\/?product=gas-35-m-afc-professional-islakkuru-elektrik-supurges\" class=\"more-link\">Okumaya devam et<span class=\"screen-reader-text\"> &#8220;GAS 35 M AFC Professional Islakkuru elektrik s\u00fcp\u00fcrges&#8221;<\/span><\/a><\/p>\n","protected":false},"featured_media":9526,"comment_status":"open","ping_status":"closed","template":"","meta":[],"product_brand":[],"product_cat":[15,52,68],"product_tag":[],"class_list":{"0":"post-9524","1":"product","2":"type-product","3":"status-publish","4":"has-post-thumbnail","6":"product_cat-genel","7":"product_cat-akulu-aletler","8":"product_cat-toz-emme-sistemleri","9":"entry","11":"first","12":"instock","13":"shipping-taxable","14":"product-type-simple"},"_links":{"self":[{"href":"https:\/\/alibasakciend.com.tr\/index.php?rest_route=\/wp\/v2\/product\/9524","targetHints":{"allow":["GET"]}}],"collection":[{"href":"https:\/\/alibasakciend.com.tr\/index.php?rest_route=\/wp\/v2\/product"}],"about":[{"href":"https:\/\/alibasakciend.com.tr\/index.php?rest_route=\/wp\/v2\/types\/product"}],"replies":[{"embeddable":true,"href":"https:\/\/alibasakciend.com.tr\/index.php?rest_route=%2Fwp%2Fv2%2Fcomments&post=9524"}],"wp:featuredmedia":[{"embeddable":true,"href":"https:\/\/alibasakciend.com.tr\/index.php?rest_route=\/wp\/v2\/media\/9526"}],"wp:attachment":[{"href":"https:\/\/alibasakciend.com.tr\/index.php?rest_route=%2Fwp%2Fv2%2Fmedia&parent=9524"}],"wp:term":[{"taxonomy":"product_brand","embeddable":true,"href":"https:\/\/alibasakciend.com.tr\/index.php?rest_route=%2Fwp%2Fv2%2Fproduct_brand&post=9524"},{"taxonomy":"product_cat","embeddable":true,"href":"https:\/\/alibasakciend.com.tr\/index.php?rest_route=%2Fwp%2Fv2%2Fproduct_cat&post=9524"},{"taxonomy":"product_tag","embeddable":true,"href":"https:\/\/alibasakciend.com.tr\/index.php?rest_route=%2Fwp%2Fv2%2Fproduct_tag&post=9524"}],"curies":[{"name":"wp","href":"https:\/\/api.w.org\/{rel}","templated":true}]}}