{"id":9499,"date":"2020-07-17T00:17:20","date_gmt":"2020-07-17T00:17:20","guid":{"rendered":"https:\/\/basakcilastik.com.tr\/?post_type=product&#038;p=9499"},"modified":"2020-07-17T00:17:20","modified_gmt":"2020-07-17T00:17:20","slug":"einhell-te-cb-18180-li-solo-akulu-yaprak-ufleme","status":"publish","type":"product","link":"https:\/\/alibasakciend.com.tr\/?product=einhell-te-cb-18180-li-solo-akulu-yaprak-ufleme","title":{"rendered":"Einhell TE-CB 18180 Li &#8211; Solo Ak\u00fcl\u00fc Yaprak \u00dcfleme"},"content":{"rendered":"<p><strong>\u00dcr\u00fcn a\u00e7\u0131klamas\u0131<\/strong><\/p>\n<p>Einhell TE-CB 18\/180 Li &#8211; Solo Ak\u00fcl\u00fc Yaprak \u00dcfleme max.180 km\/saat \u00fcfleme h\u0131z\u0131n\u0131 sa\u011flayan g\u00fc\u00e7l\u00fc motoru, 3 ayr\u0131 hava adapt\u00f6r\u00fc ve elektronik h\u0131z kontrol\u00fc ile in\u015faat, at\u00f6lye ve bah\u00e7e gibi bir \u00e7ok alanda etkili \u015fekilde \u00e7al\u0131\u015fman\u0131z\u0131 sa\u011flayacak \u00e7ok y\u00f6nl\u00fcl\u00fc\u011fe sahip y\u00fcksek performansl\u0131 bir \u00fcr\u00fcnd\u00fcr. Toz, \u00e7amur, tala\u015f veya matkap deliklerinde kalan art\u0131klar\u0131 180 km\/saat \u00fcfleme h\u0131z\u0131 ile rahat\u00e7a kald\u0131rabilirsiniz. Ergonomik yumu\u015fak tutamak ile uzun s\u00fcren i\u015flerde bile konforlu \u00e7al\u0131\u015fman\u0131z\u0131 sa\u011flar. Einhell TE-CB 18\/180 Li Solo \u00fcr\u00fcn\u00fcnde \u015farj cihaz\u0131 ve ak\u00fc bulunmamaktad\u0131r. \u0130htiyac\u0131n\u0131z olan ve diledi\u011finiz kapasitedeki ak\u00fcleri ve \u015farj cihaz\u0131n\u0131 ayr\u0131 ayr\u0131 sat\u0131n alabilir ya da daha \u00f6nce sat\u0131n ald\u0131\u011f\u0131n\u0131z Power X-Change ailesi \u00fcr\u00fcnlerinde bulunan ak\u00fc ve \u015farj cihazlar\u0131n\u0131 kullanabilirsiniz. B\u00f6ylece her cihaz i\u00e7in tekrar tekrar ak\u00fc ve \u015farj cihaz\u0131 almak zorunda kalmaz ve tasarruf edersiniz.<\/p>\n<p><strong>\u00d6zellikler<\/strong><\/p>\n<p>Ak\u00fcl\u00fc \u00dcfleme TE-CB 18\/180 Li-Solo i\u00e7in detaylar, \u015fekiller ve bilgiler: burada ayr\u0131nt\u0131l\u0131 teknik veriler ve bu Einhell \u00fcr\u00fcn\u00fcn\u00fcn boyutlar\u0131, a\u011f\u0131rl\u0131\u011f\u0131 ve ambalaj\u0131 hakk\u0131nda \u00f6zel bilgiler bulacaks\u0131n\u0131z.<\/p>\n<table>\n<tbody>\n<tr>\n<td colspan=\"2\"><strong>Teknik \u00d6zellikler<\/strong><\/td>\n<\/tr>\n<tr>\n<td><strong>\u00dcfleme h\u0131z\u0131 kademe 1<\/strong><\/td>\n<td>130 km\/h<\/td>\n<\/tr>\n<tr>\n<td><strong>\u00dcfleme h\u0131z\u0131 kademe 2<\/strong><\/td>\n<td>180 km\/h<\/td>\n<\/tr>\n<tr>\n<td><strong>Bo\u015fta \u00e7al\u0131\u015fma h\u0131z\u0131 (vites 1)<\/strong><\/td>\n<td>11500 min^-1<\/td>\n<\/tr>\n<tr>\n<td><strong>Bo\u015fta \u00e7al\u0131\u015fma h\u0131z\u0131 (vites 2)<\/strong><\/td>\n<td>15500 min^-1<\/td>\n<\/tr>\n<\/tbody>\n<\/table>\n","protected":false},"excerpt":{"rendered":"<p>\u00dcr\u00fcn a\u00e7\u0131klamas\u0131 Einhell TE-CB 18\/180 Li &#8211; Solo Ak\u00fcl\u00fc Yaprak \u00dcfleme max.180 km\/saat \u00fcfleme h\u0131z\u0131n\u0131 sa\u011flayan g\u00fc\u00e7l\u00fc motoru, 3 ayr\u0131 hava adapt\u00f6r\u00fc ve elektronik h\u0131z kontrol\u00fc ile in\u015faat, at\u00f6lye ve bah\u00e7e gibi bir \u00e7ok alanda etkili \u015fekilde \u00e7al\u0131\u015fman\u0131z\u0131 sa\u011flayacak \u00e7ok y\u00f6nl\u00fcl\u00fc\u011fe sahip y\u00fcksek performansl\u0131 bir \u00fcr\u00fcnd\u00fcr. Toz, \u00e7amur, tala\u015f veya matkap deliklerinde kalan art\u0131klar\u0131 180 &hellip; <\/p>\n<p class=\"link-more\"><a href=\"https:\/\/alibasakciend.com.tr\/?product=einhell-te-cb-18180-li-solo-akulu-yaprak-ufleme\" class=\"more-link\">Okumaya devam et<span class=\"screen-reader-text\"> &#8220;Einhell TE-CB 18180 Li &#8211; Solo Ak\u00fcl\u00fc Yaprak \u00dcfleme&#8221;<\/span><\/a><\/p>\n","protected":false},"featured_media":9502,"comment_status":"open","ping_status":"closed","template":"","meta":[],"product_brand":[],"product_cat":[15,52,68],"product_tag":[],"class_list":{"0":"post-9499","1":"product","2":"type-product","3":"status-publish","4":"has-post-thumbnail","6":"product_cat-genel","7":"product_cat-akulu-aletler","8":"product_cat-toz-emme-sistemleri","9":"entry","11":"first","12":"instock","13":"shipping-taxable","14":"product-type-simple"},"_links":{"self":[{"href":"https:\/\/alibasakciend.com.tr\/index.php?rest_route=\/wp\/v2\/product\/9499","targetHints":{"allow":["GET"]}}],"collection":[{"href":"https:\/\/alibasakciend.com.tr\/index.php?rest_route=\/wp\/v2\/product"}],"about":[{"href":"https:\/\/alibasakciend.com.tr\/index.php?rest_route=\/wp\/v2\/types\/product"}],"replies":[{"embeddable":true,"href":"https:\/\/alibasakciend.com.tr\/index.php?rest_route=%2Fwp%2Fv2%2Fcomments&post=9499"}],"wp:featuredmedia":[{"embeddable":true,"href":"https:\/\/alibasakciend.com.tr\/index.php?rest_route=\/wp\/v2\/media\/9502"}],"wp:attachment":[{"href":"https:\/\/alibasakciend.com.tr\/index.php?rest_route=%2Fwp%2Fv2%2Fmedia&parent=9499"}],"wp:term":[{"taxonomy":"product_brand","embeddable":true,"href":"https:\/\/alibasakciend.com.tr\/index.php?rest_route=%2Fwp%2Fv2%2Fproduct_brand&post=9499"},{"taxonomy":"product_cat","embeddable":true,"href":"https:\/\/alibasakciend.com.tr\/index.php?rest_route=%2Fwp%2Fv2%2Fproduct_cat&post=9499"},{"taxonomy":"product_tag","embeddable":true,"href":"https:\/\/alibasakciend.com.tr\/index.php?rest_route=%2Fwp%2Fv2%2Fproduct_tag&post=9499"}],"curies":[{"name":"wp","href":"https:\/\/api.w.org\/{rel}","templated":true}]}}