{"id":9496,"date":"2020-07-17T00:11:02","date_gmt":"2020-07-17T00:11:02","guid":{"rendered":"https:\/\/basakcilastik.com.tr\/?post_type=product&#038;p=9496"},"modified":"2020-07-17T00:11:02","modified_gmt":"2020-07-17T00:11:02","slug":"dewalt-dwb800-tr-800w-profesyonel-ufleme-ve-emme-makinasi","status":"publish","type":"product","link":"https:\/\/alibasakciend.com.tr\/?product=dewalt-dwb800-tr-800w-profesyonel-ufleme-ve-emme-makinasi","title":{"rendered":"Dewalt DWB800-TR 800W Profesyonel \u00dcfleme ve Emme Makinas\u0131"},"content":{"rendered":"<p><strong><u>\u00dcr\u00fcn \u00f6zellikleri<\/u><\/strong><\/p>\n<ul>\n<li>800W Profesyonel \u00dcfleme ve Emme Makinas\u0131<\/li>\n<li>16000 dev\/dak y\u00fcks\u00fck h\u0131z<\/li>\n<li>4.5m\u00b3\/dak hava ak\u0131\u015f\u0131<\/li>\n<li>Bilgisayar, TV vb. hassas \u00fcr\u00fcnlerde el de\u011fmeden hassas temizlik imk\u00e2n\u0131<\/li>\n<li>Klima ve havaland\u0131rma sistemleri, filtre temizlemede kolay temizlik sa\u011flar<\/li>\n<li>B\u00fcy\u00fck makine, ekipman ve fan temizli\u011finde kolay ve h\u0131zl\u0131 temizlik sa\u011flar<\/li>\n<li>Kimyasal d\u00fcbel uygulamalar\u0131nda alan\u0131n toz ve kirlerden temizlenmesini sa\u011flar<\/li>\n<li>Makine ve kesim hatt\u0131nda biriken tala\u015f ve tozlar\u0131n kolayl\u0131kla temizlenmesini sa\u011flar<\/li>\n<li>Kurumu\u015f yapraklar\u0131n kolayl\u0131kla temizlenmesini sa\u011flar<\/li>\n<li>Hafif ve kompakt tasar\u0131m\u0131 ile kolay kullan\u0131m imk\u00e2n\u0131<\/li>\n<li>S\u00fcrekli \u00e7al\u0131\u015fma kolayl\u0131\u011f\u0131 i\u00e7in kilitleme d\u00fc\u011fmesi<\/li>\n<li>De\u011fi\u015fken h\u0131z\/devir ayar\u0131 sayesinde farkl\u0131 uygulamalarda kullan\u0131m kolayl\u0131\u011f\u0131<\/li>\n<li>Esnek kau\u00e7uk borusu sayesinde farkl\u0131 uygulamalarda rahat kullan\u0131m<\/li>\n<li>Kolay ve kullan\u0131\u015fl\u0131 toz torbas\u0131<\/li>\n<li>A\u011f\u0131rl\u0131k 1,8Kg<\/li>\n<\/ul>\n","protected":false},"excerpt":{"rendered":"<p>\u00dcr\u00fcn \u00f6zellikleri 800W Profesyonel \u00dcfleme ve Emme Makinas\u0131 16000 dev\/dak y\u00fcks\u00fck h\u0131z 4.5m\u00b3\/dak hava ak\u0131\u015f\u0131 Bilgisayar, TV vb. hassas \u00fcr\u00fcnlerde el de\u011fmeden hassas temizlik imk\u00e2n\u0131 Klima ve havaland\u0131rma sistemleri, filtre temizlemede kolay temizlik sa\u011flar B\u00fcy\u00fck makine, ekipman ve fan temizli\u011finde kolay ve h\u0131zl\u0131 temizlik sa\u011flar Kimyasal d\u00fcbel uygulamalar\u0131nda alan\u0131n toz ve kirlerden temizlenmesini sa\u011flar Makine &hellip; <\/p>\n<p class=\"link-more\"><a href=\"https:\/\/alibasakciend.com.tr\/?product=dewalt-dwb800-tr-800w-profesyonel-ufleme-ve-emme-makinasi\" class=\"more-link\">Okumaya devam et<span class=\"screen-reader-text\"> &#8220;Dewalt DWB800-TR 800W Profesyonel \u00dcfleme ve Emme Makinas\u0131&#8221;<\/span><\/a><\/p>\n","protected":false},"featured_media":9497,"comment_status":"open","ping_status":"closed","template":"","meta":[],"product_brand":[],"product_cat":[15,52,68],"product_tag":[],"class_list":{"0":"post-9496","1":"product","2":"type-product","3":"status-publish","4":"has-post-thumbnail","6":"product_cat-genel","7":"product_cat-akulu-aletler","8":"product_cat-toz-emme-sistemleri","9":"entry","11":"first","12":"instock","13":"shipping-taxable","14":"product-type-simple"},"_links":{"self":[{"href":"https:\/\/alibasakciend.com.tr\/index.php?rest_route=\/wp\/v2\/product\/9496","targetHints":{"allow":["GET"]}}],"collection":[{"href":"https:\/\/alibasakciend.com.tr\/index.php?rest_route=\/wp\/v2\/product"}],"about":[{"href":"https:\/\/alibasakciend.com.tr\/index.php?rest_route=\/wp\/v2\/types\/product"}],"replies":[{"embeddable":true,"href":"https:\/\/alibasakciend.com.tr\/index.php?rest_route=%2Fwp%2Fv2%2Fcomments&post=9496"}],"wp:featuredmedia":[{"embeddable":true,"href":"https:\/\/alibasakciend.com.tr\/index.php?rest_route=\/wp\/v2\/media\/9497"}],"wp:attachment":[{"href":"https:\/\/alibasakciend.com.tr\/index.php?rest_route=%2Fwp%2Fv2%2Fmedia&parent=9496"}],"wp:term":[{"taxonomy":"product_brand","embeddable":true,"href":"https:\/\/alibasakciend.com.tr\/index.php?rest_route=%2Fwp%2Fv2%2Fproduct_brand&post=9496"},{"taxonomy":"product_cat","embeddable":true,"href":"https:\/\/alibasakciend.com.tr\/index.php?rest_route=%2Fwp%2Fv2%2Fproduct_cat&post=9496"},{"taxonomy":"product_tag","embeddable":true,"href":"https:\/\/alibasakciend.com.tr\/index.php?rest_route=%2Fwp%2Fv2%2Fproduct_tag&post=9496"}],"curies":[{"name":"wp","href":"https:\/\/api.w.org\/{rel}","templated":true}]}}