{"id":9414,"date":"2020-07-16T23:36:13","date_gmt":"2020-07-16T23:36:13","guid":{"rendered":"https:\/\/basakcilastik.com.tr\/?post_type=product&#038;p=9414"},"modified":"2020-07-16T23:36:14","modified_gmt":"2020-07-16T23:36:14","slug":"gtc-400-c-professional-termal-kamera","status":"publish","type":"product","link":"https:\/\/alibasakciend.com.tr\/?product=gtc-400-c-professional-termal-kamera","title":{"rendered":"GTC 400 C Professional Termal Kamera"},"content":{"rendered":"<p>Teknik veriler<\/p>\n<table width=\"750\">\n<thead>\n<tr>\n<td colspan=\"2\">Ek veriler<\/td>\n<\/tr>\n<\/thead>\n<tbody>\n<tr>\n<td><strong>\u00d6l\u00e7me alan\u0131*<\/strong><\/td>\n<td><strong>-10 \u00b0C ile +400 \u00b0C aras\u0131nda<\/strong><\/td>\n<\/tr>\n<tr>\n<td><strong>IR \u00f6l\u00e7\u00fcm hassasiyeti*<\/strong><\/td>\n<td><strong>\u00b13,0 \u00b0C<\/strong><\/td>\n<\/tr>\n<tr>\n<td>Termik hassasiyet (NETD)<\/td>\n<td>&lt;50 mK<\/td>\n<\/tr>\n<tr>\n<td><strong>\u00c7\u00f6z\u00fcn\u00fcrl\u00fck*<\/strong><\/td>\n<td><strong>0,1<\/strong>\u00a0<strong>\u00b0C<\/strong><\/td>\n<\/tr>\n<tr>\n<td>B\u00fcy\u00fck IR sens\u00f6r\u00fc, geni\u015flik<\/td>\n<td>160\u00a0px<\/td>\n<\/tr>\n<tr>\n<td>B\u00fcy\u00fck IR sens\u00f6r\u00fc, y\u00fckseklik<\/td>\n<td>120\u00a0px<\/td>\n<\/tr>\n<tr>\n<td>B\u00fcy\u00fck IR sens\u00f6r\u00fc<\/td>\n<td>160&#215;120\u00a0px<\/td>\n<\/tr>\n<tr>\n<td>\u00d6l\u00e7\u00fcm noktalar\u0131 say\u0131s\u0131<\/td>\n<td>19.200<\/td>\n<\/tr>\n<tr>\n<td>Ak\u0131m beslemesi ve \u00e7al\u0131\u015fma s\u00fcresi<\/td>\n<td>4 x 1,5 V LR6 (AA) 1 x GBA 12V 1 x GBA 10.8V<\/td>\n<\/tr>\n<tr>\n<td>Resim haf\u0131zas\u0131 (resim say\u0131s\u0131)<\/td>\n<td>500<\/td>\n<\/tr>\n<tr>\n<td>Haf\u0131za tipi<\/td>\n<td>Dahili haf\u0131za<\/td>\n<\/tr>\n<tr>\n<td>Resim dosya bi\u00e7imi<\/td>\n<td>.jpg<\/td>\n<\/tr>\n<tr>\n<td>Veri aktar\u0131m\u0131<\/td>\n<td>mikro USB, Wi-Fi<\/td>\n<\/tr>\n<tr>\n<td>Toza ve p\u00fcsk\u00fcrtme suyuna kar\u015f\u0131 koruma<\/td>\n<td>IP 53<\/td>\n<\/tr>\n<tr>\n<td>A\u011f\u0131rl\u0131k<\/td>\n<td>0,54\u00a0kg<\/td>\n<\/tr>\n<tr>\n<td>Desteklenen Android cihazlar<\/td>\n<td>Android 4.3 ve \u00fczeri s\u00fcr\u00fcml\u00fc ak\u0131ll\u0131 telefonlar, Android 4.3 ve \u00fczeri s\u00fcr\u00fcml\u00fc tabletler<\/td>\n<\/tr>\n<tr>\n<td>Desteklenen iOS cihazlar<\/td>\n<td>iPad (3. nesil ve \u00fczeri), iPad Air (1. nesil ve \u00fczeri), iPad mini (1. nesil ve \u00fczeri), iPhone 4S ve \u00fczeri<\/td>\n<\/tr>\n<tr>\n<td>G\u00f6r\u00fcnt\u00fc tipi<\/td>\n<td>TFT LCD<\/td>\n<\/tr>\n<tr>\n<td>B\u00fcy\u00fck ekran<\/td>\n<td>3,5&#8243;<\/td>\n<\/tr>\n<tr>\n<td>Kullan\u0131m s\u0131cakl\u0131\u011f\u0131, -den<\/td>\n<td>-10\u00a0\u00b0C<\/td>\n<\/tr>\n<tr>\n<td>\u0130\u015fletim s\u0131cakl\u0131\u011f\u0131, maks.<\/td>\n<td>45\u00a0\u00b0C<\/td>\n<\/tr>\n<tr>\n<td>\u0130\u015fletme s\u0131cakl\u0131\u011f\u0131<\/td>\n<td>-10 \u2013 45\u00a0\u00b0C<\/td>\n<\/tr>\n<tr>\n<td>Depolama s\u0131cakl\u0131\u011f\u0131, -den<\/td>\n<td>-20\u00a0\u00b0C<\/td>\n<\/tr>\n<tr>\n<td>Depolama s\u0131cakl\u0131\u011f\u0131, maks.<\/td>\n<td>70\u00a0\u00b0C<\/td>\n<\/tr>\n<tr>\n<td>Saklama s\u0131cakl\u0131\u011f\u0131<\/td>\n<td>-20 \u2013 70\u00a0\u00b0C<\/td>\n<\/tr>\n<tr>\n<td>Hedef uzakl\u0131\u011f\u0131, minimum<\/td>\n<td>0,3\u00a0m<\/td>\n<\/tr>\n<\/tbody>\n<\/table>\n<p>* Vurgulanan Veriler<\/p>\n","protected":false},"excerpt":{"rendered":"<p>Teknik veriler Ek veriler \u00d6l\u00e7me alan\u0131* -10 \u00b0C ile +400 \u00b0C aras\u0131nda IR \u00f6l\u00e7\u00fcm hassasiyeti* \u00b13,0 \u00b0C Termik hassasiyet (NETD) &lt;50 mK \u00c7\u00f6z\u00fcn\u00fcrl\u00fck* 0,1\u00a0\u00b0C B\u00fcy\u00fck IR sens\u00f6r\u00fc, geni\u015flik 160\u00a0px B\u00fcy\u00fck IR sens\u00f6r\u00fc, y\u00fckseklik 120\u00a0px B\u00fcy\u00fck IR sens\u00f6r\u00fc 160&#215;120\u00a0px \u00d6l\u00e7\u00fcm noktalar\u0131 say\u0131s\u0131 19.200 Ak\u0131m beslemesi ve \u00e7al\u0131\u015fma s\u00fcresi 4 x 1,5 V LR6 (AA) 1 x &hellip; <\/p>\n<p class=\"link-more\"><a href=\"https:\/\/alibasakciend.com.tr\/?product=gtc-400-c-professional-termal-kamera\" class=\"more-link\">Okumaya devam et<span class=\"screen-reader-text\"> &#8220;GTC 400 C Professional Termal Kamera&#8221;<\/span><\/a><\/p>\n","protected":false},"featured_media":9417,"comment_status":"open","ping_status":"closed","template":"","meta":[],"product_brand":[],"product_cat":[15,52,65],"product_tag":[],"class_list":{"0":"post-9414","1":"product","2":"type-product","3":"status-publish","4":"has-post-thumbnail","6":"product_cat-genel","7":"product_cat-akulu-aletler","8":"product_cat-sarjli-aletler","9":"entry","11":"first","12":"instock","13":"shipping-taxable","14":"product-type-simple"},"_links":{"self":[{"href":"https:\/\/alibasakciend.com.tr\/index.php?rest_route=\/wp\/v2\/product\/9414","targetHints":{"allow":["GET"]}}],"collection":[{"href":"https:\/\/alibasakciend.com.tr\/index.php?rest_route=\/wp\/v2\/product"}],"about":[{"href":"https:\/\/alibasakciend.com.tr\/index.php?rest_route=\/wp\/v2\/types\/product"}],"replies":[{"embeddable":true,"href":"https:\/\/alibasakciend.com.tr\/index.php?rest_route=%2Fwp%2Fv2%2Fcomments&post=9414"}],"wp:featuredmedia":[{"embeddable":true,"href":"https:\/\/alibasakciend.com.tr\/index.php?rest_route=\/wp\/v2\/media\/9417"}],"wp:attachment":[{"href":"https:\/\/alibasakciend.com.tr\/index.php?rest_route=%2Fwp%2Fv2%2Fmedia&parent=9414"}],"wp:term":[{"taxonomy":"product_brand","embeddable":true,"href":"https:\/\/alibasakciend.com.tr\/index.php?rest_route=%2Fwp%2Fv2%2Fproduct_brand&post=9414"},{"taxonomy":"product_cat","embeddable":true,"href":"https:\/\/alibasakciend.com.tr\/index.php?rest_route=%2Fwp%2Fv2%2Fproduct_cat&post=9414"},{"taxonomy":"product_tag","embeddable":true,"href":"https:\/\/alibasakciend.com.tr\/index.php?rest_route=%2Fwp%2Fv2%2Fproduct_tag&post=9414"}],"curies":[{"name":"wp","href":"https:\/\/api.w.org\/{rel}","templated":true}]}}