{"id":9191,"date":"2020-07-16T22:00:00","date_gmt":"2020-07-16T22:00:00","guid":{"rendered":"https:\/\/basakcilastik.com.tr\/?post_type=product&#038;p=9191"},"modified":"2020-07-16T22:00:00","modified_gmt":"2020-07-16T22:00:00","slug":"dewalt-ddf5140500-gazli-civi-cakma-makinasi-gaz-tupu","status":"publish","type":"product","link":"https:\/\/alibasakciend.com.tr\/?product=dewalt-ddf5140500-gazli-civi-cakma-makinasi-gaz-tupu","title":{"rendered":"Dewalt Ddf5140500 Gazl\u0131 \u00c7ivi \u00c7akma Makinas\u0131 Gaz T\u00fcp\u00fc"},"content":{"rendered":"<p><strong>Dewalt Ddf5140500 Gazl\u0131 \u00c7ivi \u00c7akma Makinas\u0131 Gaz T\u00fcp\u00fc<\/strong><\/p>\n<p>Dewalt Ddf5140500 Gazl\u0131 \u00c7ivi \u00c7akma Makinas\u0131 Gaz T\u00fcp\u00fc<\/p>\n<p>&nbsp;<\/p>\n<p>&#8221;<\/p>\n<p>Dewalt Ddf5140500 Gazl\u0131 \u00c7ivi \u00c7akma Makinas\u0131 Gaz T\u00fcp\u00fc<\/p>\n<p>&nbsp;<\/p>\n<p>Dewalt Ddf5140500 Gazl\u0131 \u00c7ivi \u00c7akma Makinas\u0131 Gaz T\u00fcp\u00fc<\/p>\n<p>&nbsp;<\/p>\n<p>800 At\u0131ml\u0131k Gaz T\u00fcp\u00fc<\/p>\n","protected":false},"excerpt":{"rendered":"<p>Dewalt Ddf5140500 Gazl\u0131 \u00c7ivi \u00c7akma Makinas\u0131 Gaz T\u00fcp\u00fc Dewalt Ddf5140500 Gazl\u0131 \u00c7ivi \u00c7akma Makinas\u0131 Gaz T\u00fcp\u00fc &nbsp; &#8221; Dewalt Ddf5140500 Gazl\u0131 \u00c7ivi \u00c7akma Makinas\u0131 Gaz T\u00fcp\u00fc &nbsp; Dewalt Ddf5140500 Gazl\u0131 \u00c7ivi \u00c7akma Makinas\u0131 Gaz T\u00fcp\u00fc &nbsp; 800 At\u0131ml\u0131k Gaz T\u00fcp\u00fc<\/p>\n","protected":false},"featured_media":9193,"comment_status":"open","ping_status":"closed","template":"","meta":[],"product_brand":[],"product_cat":[15,52,65],"product_tag":[],"class_list":{"0":"post-9191","1":"product","2":"type-product","3":"status-publish","4":"has-post-thumbnail","6":"product_cat-genel","7":"product_cat-akulu-aletler","8":"product_cat-sarjli-aletler","9":"entry","11":"first","12":"instock","13":"shipping-taxable","14":"product-type-simple"},"_links":{"self":[{"href":"https:\/\/alibasakciend.com.tr\/index.php?rest_route=\/wp\/v2\/product\/9191","targetHints":{"allow":["GET"]}}],"collection":[{"href":"https:\/\/alibasakciend.com.tr\/index.php?rest_route=\/wp\/v2\/product"}],"about":[{"href":"https:\/\/alibasakciend.com.tr\/index.php?rest_route=\/wp\/v2\/types\/product"}],"replies":[{"embeddable":true,"href":"https:\/\/alibasakciend.com.tr\/index.php?rest_route=%2Fwp%2Fv2%2Fcomments&post=9191"}],"wp:featuredmedia":[{"embeddable":true,"href":"https:\/\/alibasakciend.com.tr\/index.php?rest_route=\/wp\/v2\/media\/9193"}],"wp:attachment":[{"href":"https:\/\/alibasakciend.com.tr\/index.php?rest_route=%2Fwp%2Fv2%2Fmedia&parent=9191"}],"wp:term":[{"taxonomy":"product_brand","embeddable":true,"href":"https:\/\/alibasakciend.com.tr\/index.php?rest_route=%2Fwp%2Fv2%2Fproduct_brand&post=9191"},{"taxonomy":"product_cat","embeddable":true,"href":"https:\/\/alibasakciend.com.tr\/index.php?rest_route=%2Fwp%2Fv2%2Fproduct_cat&post=9191"},{"taxonomy":"product_tag","embeddable":true,"href":"https:\/\/alibasakciend.com.tr\/index.php?rest_route=%2Fwp%2Fv2%2Fproduct_tag&post=9191"}],"curies":[{"name":"wp","href":"https:\/\/api.w.org\/{rel}","templated":true}]}}