{"id":9163,"date":"2020-07-16T21:32:37","date_gmt":"2020-07-16T21:32:37","guid":{"rendered":"https:\/\/basakcilastik.com.tr\/?post_type=product&#038;p=9163"},"modified":"2020-07-16T21:32:37","modified_gmt":"2020-07-16T21:32:37","slug":"dewalt-d27113-qs-1600w-305mm-gonye-kesme","status":"publish","type":"product","link":"https:\/\/alibasakciend.com.tr\/?product=dewalt-d27113-qs-1600w-305mm-gonye-kesme","title":{"rendered":"Dewalt D27113-QS 1600W 305mm G\u00f6nye Kesme"},"content":{"rendered":"<p><strong>D27113<\/strong><\/p>\n<p><strong>305 mm \u00c7ift Y\u00fczeyli G\u00f6nye Testere<\/strong><\/p>\n<p><strong>\u00a0<\/strong><\/p>\n<p><strong>\u00d6zellikleri<\/strong><\/p>\n<ul>\n<li>65 mm kesme derinli\u011finde kullanmak i\u00e7in kompakt, iyi dengelenmi\u015f ve kolay kullan\u0131ml\u0131 daire testere<\/li>\n<li>Y\u00fcksek torklu motor, in\u015faat ve marangozluk malzemelerinin kesimi i\u00e7in dayan\u0131kl\u0131l\u0131k ve g\u00fc\u00e7 sa\u011flar<\/li>\n<li>Etkili toz atma \u00e7\u0131k\u0131\u015f\u0131 ile, s\u00fcp\u00fcrgeye ba\u011fl\u0131yken havadan kaynakl\u0131 toz partik\u00fcllerini en aza indirir<\/li>\n<li>Dayan\u0131kl\u0131 d\u00f6kme al\u00fcminyum muhafazaya ba\u011fl\u0131 di\u015fliler ve mil<\/li>\n<li>\u00c7abuk ve kolay derinlik ve a\u00e7\u0131 ayar\u0131<\/li>\n<li>G\u00fc\u00e7 ve dayan\u0131kl\u0131l\u0131k i\u00e7in \u00e7elik testere taban\u0131<\/li>\n<\/ul>\n<p>90 ve 45 derecede k\u0131lavuz \u00e7entikleri ile iyi kesim hatt\u0131 g\u00f6r\u00fc\u015f\u00fc<\/p>\n<table width=\"856\">\n<tbody>\n<tr>\n<td colspan=\"3\"><strong>\u00a0<\/strong><\/p>\n<p><strong>Teknik \u00d6zellikleri<\/strong><\/td>\n<td><\/td>\n<\/tr>\n<tr>\n<td colspan=\"2\">\n<table width=\"836\">\n<tbody>\n<tr>\n<td>&nbsp;<\/td>\n<td>\n<table width=\"817\">\n<tbody>\n<tr>\n<td>Giri\u015f G\u00fcc\u00fc<\/td>\n<td>1600 Watt<\/td>\n<\/tr>\n<tr>\n<td>\u00c7\u0131k\u0131\u015f G\u00fcc\u00fc<\/td>\n<td>570 Watt<\/td>\n<\/tr>\n<tr>\n<td>Y\u00fcks\u00fcz H\u0131z\u0131<\/td>\n<td>3300dev\/dak<\/td>\n<\/tr>\n<tr>\n<td>B\u0131\u00e7ak \u00c7ap\u0131<\/td>\n<td>305 mm<\/td>\n<\/tr>\n<tr>\n<td>B\u0131\u00e7ak G\u00f6bek \u00c7ap\u0131<\/td>\n<td>30 mm<\/td>\n<\/tr>\n<tr>\n<td>Z\u0131vana Kapasitesi<\/td>\n<td>48 \u00b0<\/td>\n<\/tr>\n<tr>\n<td>Maksimum Kesme Derinli\u011fi 90\u00b0<\/td>\n<td>51 mm<\/td>\n<\/tr>\n<tr>\n<td>&nbsp;<\/td>\n<td>&nbsp;<\/td>\n<\/tr>\n<\/tbody>\n<\/table>\n<\/td>\n<\/tr>\n<\/tbody>\n<\/table>\n<\/td>\n<td><\/td>\n<td><\/td>\n<\/tr>\n<tr>\n<td>&nbsp;<\/td>\n<td><\/td>\n<td><\/td>\n<td><\/td>\n<\/tr>\n<tr>\n<td width=\"340\"><\/td>\n<td width=\"2\"><\/td>\n<td width=\"2\"><\/td>\n<td width=\"5\"><\/td>\n<\/tr>\n<\/tbody>\n<\/table>\n<p><strong>Standart Te\u00e7hizat<\/strong><\/p>\n<ul>\n<li>Seri 40 60 di\u015fli b\u0131\u00e7ak<\/li>\n<\/ul>\n","protected":false},"excerpt":{"rendered":"<p>D27113 305 mm \u00c7ift Y\u00fczeyli G\u00f6nye Testere \u00a0 \u00d6zellikleri 65 mm kesme derinli\u011finde kullanmak i\u00e7in kompakt, iyi dengelenmi\u015f ve kolay kullan\u0131ml\u0131 daire testere Y\u00fcksek torklu motor, in\u015faat ve marangozluk malzemelerinin kesimi i\u00e7in dayan\u0131kl\u0131l\u0131k ve g\u00fc\u00e7 sa\u011flar Etkili toz atma \u00e7\u0131k\u0131\u015f\u0131 ile, s\u00fcp\u00fcrgeye ba\u011fl\u0131yken havadan kaynakl\u0131 toz partik\u00fcllerini en aza indirir Dayan\u0131kl\u0131 d\u00f6kme al\u00fcminyum muhafazaya ba\u011fl\u0131 &hellip; <\/p>\n<p class=\"link-more\"><a href=\"https:\/\/alibasakciend.com.tr\/?product=dewalt-d27113-qs-1600w-305mm-gonye-kesme\" class=\"more-link\">Okumaya devam et<span class=\"screen-reader-text\"> &#8220;Dewalt D27113-QS 1600W 305mm G\u00f6nye Kesme&#8221;<\/span><\/a><\/p>\n","protected":false},"featured_media":9164,"comment_status":"open","ping_status":"closed","template":"","meta":[],"product_brand":[],"product_cat":[15,52,65],"product_tag":[],"class_list":{"0":"post-9163","1":"product","2":"type-product","3":"status-publish","4":"has-post-thumbnail","6":"product_cat-genel","7":"product_cat-akulu-aletler","8":"product_cat-sarjli-aletler","9":"entry","11":"first","12":"instock","13":"shipping-taxable","14":"product-type-simple"},"_links":{"self":[{"href":"https:\/\/alibasakciend.com.tr\/index.php?rest_route=\/wp\/v2\/product\/9163","targetHints":{"allow":["GET"]}}],"collection":[{"href":"https:\/\/alibasakciend.com.tr\/index.php?rest_route=\/wp\/v2\/product"}],"about":[{"href":"https:\/\/alibasakciend.com.tr\/index.php?rest_route=\/wp\/v2\/types\/product"}],"replies":[{"embeddable":true,"href":"https:\/\/alibasakciend.com.tr\/index.php?rest_route=%2Fwp%2Fv2%2Fcomments&post=9163"}],"wp:featuredmedia":[{"embeddable":true,"href":"https:\/\/alibasakciend.com.tr\/index.php?rest_route=\/wp\/v2\/media\/9164"}],"wp:attachment":[{"href":"https:\/\/alibasakciend.com.tr\/index.php?rest_route=%2Fwp%2Fv2%2Fmedia&parent=9163"}],"wp:term":[{"taxonomy":"product_brand","embeddable":true,"href":"https:\/\/alibasakciend.com.tr\/index.php?rest_route=%2Fwp%2Fv2%2Fproduct_brand&post=9163"},{"taxonomy":"product_cat","embeddable":true,"href":"https:\/\/alibasakciend.com.tr\/index.php?rest_route=%2Fwp%2Fv2%2Fproduct_cat&post=9163"},{"taxonomy":"product_tag","embeddable":true,"href":"https:\/\/alibasakciend.com.tr\/index.php?rest_route=%2Fwp%2Fv2%2Fproduct_tag&post=9163"}],"curies":[{"name":"wp","href":"https:\/\/api.w.org\/{rel}","templated":true}]}}