{"id":9161,"date":"2020-07-16T21:30:45","date_gmt":"2020-07-16T21:30:45","guid":{"rendered":"https:\/\/basakcilastik.com.tr\/?post_type=product&#038;p=9161"},"modified":"2020-07-16T21:30:46","modified_gmt":"2020-07-16T21:30:46","slug":"dewalt-d26200-900w-8mm-kompakt-dalma-freze","status":"publish","type":"product","link":"https:\/\/alibasakciend.com.tr\/?product=dewalt-d26200-900w-8mm-kompakt-dalma-freze","title":{"rendered":"Dewalt D26200 900W 8Mm Kompakt Dalma Freze"},"content":{"rendered":"<table width=\"1016\">\n<tbody>\n<tr>\n<td><strong>Dewalt D26200 900W 8Mm Kompakt Dalma Freze<\/strong><\/p>\n<table width=\"920\">\n<tbody>\n<tr>\n<td><strong>Marka<\/strong><\/td>\n<td>Dewalt<\/td>\n<\/tr>\n<\/tbody>\n<\/table>\n<p>&nbsp;<\/p>\n<table width=\"920\">\n<tbody>\n<tr>\n<td><strong>Watt De\u011feri<\/strong><\/td>\n<td>900 W<\/td>\n<\/tr>\n<tr>\n<td><strong>Devir<\/strong><\/td>\n<td>16000-27000 Devir\/Dk.<\/td>\n<\/tr>\n<tr>\n<td><strong>Dalma Derinli\u011fi<\/strong><\/td>\n<td>0-55 mm<\/td>\n<\/tr>\n<tr>\n<td><strong>U\u00e7 Geni\u015fli\u011fi<\/strong><\/td>\n<td>6-8 mm<\/td>\n<\/tr>\n<\/tbody>\n<\/table>\n<p>&nbsp;<\/p>\n<table width=\"920\">\n<tbody>\n<tr>\n<td><strong>Garanti S\u00fcresi (Ay)<\/strong><\/td>\n<td>24<\/td>\n<\/tr>\n<tr>\n<td><strong>Yurtd\u0131\u015f\u0131na Sat\u0131\u015f<\/strong><\/td>\n<td>Var<\/td>\n<\/tr>\n<tr>\n<td><strong>Stok kodu<\/strong><\/td>\n<td><\/td>\n<\/tr>\n<tr>\n<td colspan=\"2\">Di\u011fer<\/td>\n<\/tr>\n<\/tbody>\n<\/table>\n<\/td>\n<\/tr>\n<\/tbody>\n<\/table>\n<p>&nbsp;<\/p>\n<table width=\"1016\">\n<tbody>\n<tr>\n<td>\n<table width=\"1016\">\n<tbody>\n<tr>\n<td><\/td>\n<\/tr>\n<\/tbody>\n<\/table>\n<p>&nbsp;<\/p>\n<table width=\"1016\">\n<tbody>\n<tr>\n<td>\n<table width=\"920\">\n<tbody>\n<tr>\n<td width=\"368\"><strong>Garanti S\u00fcresi (Ay)<\/strong><\/td>\n<td>24<\/td>\n<\/tr>\n<\/tbody>\n<\/table>\n<\/td>\n<\/tr>\n<\/tbody>\n<\/table>\n<\/td>\n<\/tr>\n<\/tbody>\n<\/table>\n","protected":false},"excerpt":{"rendered":"<p>Dewalt D26200 900W 8Mm Kompakt Dalma Freze Marka Dewalt &nbsp; Watt De\u011feri 900 W Devir 16000-27000 Devir\/Dk. Dalma Derinli\u011fi 0-55 mm U\u00e7 Geni\u015fli\u011fi 6-8 mm &nbsp; Garanti S\u00fcresi (Ay) 24 Yurtd\u0131\u015f\u0131na Sat\u0131\u015f Var Stok kodu Di\u011fer &nbsp; &nbsp; Garanti S\u00fcresi (Ay) 24<\/p>\n","protected":false},"featured_media":9162,"comment_status":"open","ping_status":"closed","template":"","meta":[],"product_brand":[],"product_cat":[15,52,65],"product_tag":[],"class_list":{"0":"post-9161","1":"product","2":"type-product","3":"status-publish","4":"has-post-thumbnail","6":"product_cat-genel","7":"product_cat-akulu-aletler","8":"product_cat-sarjli-aletler","9":"entry","11":"first","12":"instock","13":"shipping-taxable","14":"product-type-simple"},"_links":{"self":[{"href":"https:\/\/alibasakciend.com.tr\/index.php?rest_route=\/wp\/v2\/product\/9161","targetHints":{"allow":["GET"]}}],"collection":[{"href":"https:\/\/alibasakciend.com.tr\/index.php?rest_route=\/wp\/v2\/product"}],"about":[{"href":"https:\/\/alibasakciend.com.tr\/index.php?rest_route=\/wp\/v2\/types\/product"}],"replies":[{"embeddable":true,"href":"https:\/\/alibasakciend.com.tr\/index.php?rest_route=%2Fwp%2Fv2%2Fcomments&post=9161"}],"wp:featuredmedia":[{"embeddable":true,"href":"https:\/\/alibasakciend.com.tr\/index.php?rest_route=\/wp\/v2\/media\/9162"}],"wp:attachment":[{"href":"https:\/\/alibasakciend.com.tr\/index.php?rest_route=%2Fwp%2Fv2%2Fmedia&parent=9161"}],"wp:term":[{"taxonomy":"product_brand","embeddable":true,"href":"https:\/\/alibasakciend.com.tr\/index.php?rest_route=%2Fwp%2Fv2%2Fproduct_brand&post=9161"},{"taxonomy":"product_cat","embeddable":true,"href":"https:\/\/alibasakciend.com.tr\/index.php?rest_route=%2Fwp%2Fv2%2Fproduct_cat&post=9161"},{"taxonomy":"product_tag","embeddable":true,"href":"https:\/\/alibasakciend.com.tr\/index.php?rest_route=%2Fwp%2Fv2%2Fproduct_tag&post=9161"}],"curies":[{"name":"wp","href":"https:\/\/api.w.org\/{rel}","templated":true}]}}