{"id":9151,"date":"2020-07-16T19:35:16","date_gmt":"2020-07-16T19:35:16","guid":{"rendered":"https:\/\/basakcilastik.com.tr\/?post_type=product&#038;p=9151"},"modified":"2020-07-16T19:35:16","modified_gmt":"2020-07-16T19:35:16","slug":"ct200-silindir-taslama","status":"publish","type":"product","link":"https:\/\/alibasakciend.com.tr\/?product=ct200-silindir-taslama","title":{"rendered":"CT200 Silindir Ta\u015flama"},"content":{"rendered":"<p>\u00dcr\u00fcn \u00d6zellikleri<\/p>\n<p><strong>Standart Donan\u0131mlar<\/strong><\/p>\n<p>&#8211; SIEMENS Elektrik Malzemeleri<\/p>\n<p>&#8211; Rijit D\u00f6k\u00fcm G\u00f6vde<\/p>\n<p>&#8211; Sorunsuz ve Bak\u0131m\u0131 Kolay \u0130\u015f Mili<\/p>\n<p>&#8211; Tablan\u0131n Heryerinde 0.005mm Hassasiyet<\/p>\n<p>&nbsp;<\/p>\n<p><strong>Standart Aksesuarlar<\/strong><\/p>\n<p>&#8211; Ayd\u0131nlatma Lambas\u0131<\/p>\n<p>&#8211; Kompakt Kumanda Paneli<\/p>\n<p>&#8211; Otomatik Ya\u011flama<\/p>\n<p>&#8211; Ta\u015flama Ta\u015f\u0131<\/p>\n<p>&#8211; Ta\u015f Denge Aparat\u0131<\/p>\n<p>&#8211; Ta\u015f Bileme Kalemi<\/p>\n<p>&#8211; Ta\u015f Flan\u015f\u0131<\/p>\n<p>&#8211; Hidrolik Ya\u011f Tank\u0131<\/p>\n<p>&#8211; Elektromanyetik Tabla<\/p>\n<p>&#8211; Manyetik Tala\u015f S\u0131y\u0131r\u0131c\u0131<\/p>\n<p>&#8211; Tala\u015f-Su Ay\u0131rma Aparat\u0131<\/p>\n<p>&#8211; Harici Hidrolik \u00dcnitesi<\/p>\n<p>Teknik \u00d6zellikler<\/p>\n<ul>\n<li>Merkezler Aras\u0131 Mesafemm750<\/li>\n<li>Merkez Y\u00fcksekli\u011fimm135<\/li>\n<li>D\u0131\u015f Ta\u015flama \u00c7ap\u0131mm5-200<\/li>\n<li>\u0130\u00e7 Ta\u015flama \u00c7ap\u0131mm25-100<\/li>\n<li>Maksimum D\u0131\u015f Ta\u015flama Uzunlu\u011f\u0131mm750<\/li>\n<li>Maksimum \u0130\u00e7 Ta\u015flama Uzunlu\u011f\u0131mm125<\/li>\n<li>Maksimum \u0130\u015f Par\u00e7as\u0131 A\u011f\u0131rl\u0131\u011f\u0131kg100<\/li>\n<li>\u0130\u015f Mili D\u00f6nme A\u00e7\u0131s\u0131derece+90<\/li>\n<li>\u0130\u015f Mili Punta UcuMK4<\/li>\n<li>\u0130\u015f Mili H\u0131z Aral\u0131\u011f\u0131dev\/dk25-380 Kademesiz<\/li>\n<li>Ta\u015f H\u0131z\u0131dev\/dk1670<\/li>\n<li>Ba\u015fl\u0131\u011f\u0131n Maksimum Hareketimm205<\/li>\n<li>Ba\u015fl\u0131\u011f\u0131n D\u00f6nme A\u00e7\u0131s\u0131derece+10<\/li>\n<li>El \u00c7ark\u0131 Bir Tur \u0130lerlemesi5<\/li>\n<li>El \u00c7ark\u0131 Bir Aral\u0131k \u0130lerlemesi0025<\/li>\n<li>Ta\u015f Ebad\u0131mm400x50x203<\/li>\n<li>\u0130\u00e7 Ta\u015flama Deviridevir\/dk10000<\/li>\n<li>\u0130\u00e7 Ta\u015flama Ta\u015f Ebatlar\u0131mm50x25x13<\/li>\n<li>Tablan\u0131n El \u00c7ark\u0131 \u0130le \u0130lerlemesimm6<\/li>\n<li>Tablan\u0131n Saat Y\u00f6n\u00fcne D\u00f6nme A\u00e7\u0131s\u0131derece3<\/li>\n<li>Tablan\u0131n Saat Y\u00f6n\u00fc Tersine D\u00f6nme A\u00e7\u0131s\u0131derece8<\/li>\n<li>Punta UcuMK4<\/li>\n<li>Punta Pinol Hareketimm30<\/li>\n<li>D\u0131\u015f Ta\u015flama MotorukW4<\/li>\n<li>\u0130\u00e7 Ta\u015flama Motoru1<\/li>\n<li>\u0130\u015f Mili Motoru1<\/li>\n<li>A\u011f\u0131rl\u0131kkg4300<\/li>\n<\/ul>\n","protected":false},"excerpt":{"rendered":"<p>\u00dcr\u00fcn \u00d6zellikleri Standart Donan\u0131mlar &#8211; SIEMENS Elektrik Malzemeleri &#8211; Rijit D\u00f6k\u00fcm G\u00f6vde &#8211; Sorunsuz ve Bak\u0131m\u0131 Kolay \u0130\u015f Mili &#8211; Tablan\u0131n Heryerinde 0.005mm Hassasiyet &nbsp; Standart Aksesuarlar &#8211; Ayd\u0131nlatma Lambas\u0131 &#8211; Kompakt Kumanda Paneli &#8211; Otomatik Ya\u011flama &#8211; Ta\u015flama Ta\u015f\u0131 &#8211; Ta\u015f Denge Aparat\u0131 &#8211; Ta\u015f Bileme Kalemi &#8211; Ta\u015f Flan\u015f\u0131 &#8211; Hidrolik Ya\u011f Tank\u0131 &hellip; <\/p>\n<p class=\"link-more\"><a href=\"https:\/\/alibasakciend.com.tr\/?product=ct200-silindir-taslama\" class=\"more-link\">Okumaya devam et<span class=\"screen-reader-text\"> &#8220;CT200 Silindir Ta\u015flama&#8221;<\/span><\/a><\/p>\n","protected":false},"featured_media":9152,"comment_status":"open","ping_status":"closed","template":"","meta":[],"product_brand":[],"product_cat":[15,52,65],"product_tag":[],"class_list":{"0":"post-9151","1":"product","2":"type-product","3":"status-publish","4":"has-post-thumbnail","6":"product_cat-genel","7":"product_cat-akulu-aletler","8":"product_cat-sarjli-aletler","9":"entry","11":"first","12":"instock","13":"shipping-taxable","14":"product-type-simple"},"_links":{"self":[{"href":"https:\/\/alibasakciend.com.tr\/index.php?rest_route=\/wp\/v2\/product\/9151","targetHints":{"allow":["GET"]}}],"collection":[{"href":"https:\/\/alibasakciend.com.tr\/index.php?rest_route=\/wp\/v2\/product"}],"about":[{"href":"https:\/\/alibasakciend.com.tr\/index.php?rest_route=\/wp\/v2\/types\/product"}],"replies":[{"embeddable":true,"href":"https:\/\/alibasakciend.com.tr\/index.php?rest_route=%2Fwp%2Fv2%2Fcomments&post=9151"}],"wp:featuredmedia":[{"embeddable":true,"href":"https:\/\/alibasakciend.com.tr\/index.php?rest_route=\/wp\/v2\/media\/9152"}],"wp:attachment":[{"href":"https:\/\/alibasakciend.com.tr\/index.php?rest_route=%2Fwp%2Fv2%2Fmedia&parent=9151"}],"wp:term":[{"taxonomy":"product_brand","embeddable":true,"href":"https:\/\/alibasakciend.com.tr\/index.php?rest_route=%2Fwp%2Fv2%2Fproduct_brand&post=9151"},{"taxonomy":"product_cat","embeddable":true,"href":"https:\/\/alibasakciend.com.tr\/index.php?rest_route=%2Fwp%2Fv2%2Fproduct_cat&post=9151"},{"taxonomy":"product_tag","embeddable":true,"href":"https:\/\/alibasakciend.com.tr\/index.php?rest_route=%2Fwp%2Fv2%2Fproduct_tag&post=9151"}],"curies":[{"name":"wp","href":"https:\/\/api.w.org\/{rel}","templated":true}]}}