{"id":9120,"date":"2020-07-15T23:06:03","date_gmt":"2020-07-15T23:06:03","guid":{"rendered":"https:\/\/basakcilastik.com.tr\/?post_type=product&#038;p=9120"},"modified":"2020-07-15T23:06:03","modified_gmt":"2020-07-15T23:06:03","slug":"wallscanner-d-tect-150-professional-duvar-tarama-cihazi","status":"publish","type":"product","link":"https:\/\/alibasakciend.com.tr\/?product=wallscanner-d-tect-150-professional-duvar-tarama-cihazi","title":{"rendered":"Wallscanner D-tect 150 Professional Duvar tarama cihaz\u0131"},"content":{"rendered":"<p>Teknik veriler<\/p>\n<table width=\"750\">\n<thead>\n<tr>\n<td colspan=\"2\">Ek veriler<\/td>\n<\/tr>\n<\/thead>\n<tbody>\n<tr>\n<td><strong>\u00c7eli\u011fin alg\u0131lanma derinli\u011fi, maks.*<\/strong><\/td>\n<td><strong>150<\/strong>\u00a0<strong>mm<\/strong><\/td>\n<\/tr>\n<tr>\n<td><strong>Bak\u0131r alg\u0131lama derinli\u011fi, maks.*<\/strong><\/td>\n<td><strong>150<\/strong>\u00a0<strong>mm<\/strong><\/td>\n<\/tr>\n<tr>\n<td><strong>Maks. tarama derinli\u011fi*<\/strong><\/td>\n<td><strong>150<\/strong>\u00a0<strong>mm<\/strong><\/td>\n<\/tr>\n<tr>\n<td>Alg\u0131lanabilen malzeme<\/td>\n<td>Plastik borular, demir i\u00e7eren metaller, demir i\u00e7ermeyen metaller, ah\u015fap alt konstr\u00fcksiyonlar, iletken kablolar<\/td>\n<\/tr>\n<tr>\n<td>Ak\u0131m ileten kablolar i\u00e7in tarama derinli\u011fi, maks.<\/td>\n<td>60\u00a0mm<\/td>\n<\/tr>\n<tr>\n<td>Ah\u015fap alt konstr\u00fcksiyonlar\u0131n alg\u0131lanma derinli\u011fi, maks.<\/td>\n<td>40\u00a0mm<\/td>\n<\/tr>\n<tr>\n<td>Hassasiyet<\/td>\n<td>\u00b1 5\u00a0mm<\/td>\n<\/tr>\n<tr>\n<td>Ak\u0131m kesme otomati\u011fi, yakla\u015f\u0131k<\/td>\n<td>5 dakika<\/td>\n<\/tr>\n<tr>\n<td>Ak\u0131m beslemesi<\/td>\n<td>4 x 1,5 V LR6 (AA)<\/td>\n<\/tr>\n<tr>\n<td>A\u011f\u0131rl\u0131\u011f\u0131, yak.<\/td>\n<td>0,65\u00a0kg<\/td>\n<\/tr>\n<tr>\n<td>Alg\u0131lama derinlikleri, maks. (malzeme)<\/td>\n<td>Demir metaller, 150, Demir olmayan metaller (bak\u0131r), Plastik borular (bo\u015f, \u00e7ap &gt; 2cm), 80, Plastik borular (su ile dolu), Ah\u015fap alt yap\u0131lar, 40, gerilim aktaran kablolar, 60<\/td>\n<\/tr>\n<tr>\n<td>Alg\u0131lama derinlikleri, maks. (mod)<\/td>\n<td>Universal mod, 60, Beton \u00f6zel, 150, Bo\u015fluklu blok tu\u011fla, Kuru duvar in\u015faat\u0131, Zemin \u0131s\u0131tma sistemi, 80<\/td>\n<\/tr>\n<tr>\n<td>Maks. delme derinli\u011fi g\u00f6stergesi<\/td>\n<td>+<\/td>\n<\/tr>\n<tr>\n<td>Toza ve p\u00fcsk\u00fcrtme suyuna kar\u015f\u0131 koruma<\/td>\n<td>IP 54<\/td>\n<\/tr>\n<\/tbody>\n<\/table>\n<p>* Vurgulanan Veriler<\/p>\n","protected":false},"excerpt":{"rendered":"<p>Teknik veriler Ek veriler \u00c7eli\u011fin alg\u0131lanma derinli\u011fi, maks.* 150\u00a0mm Bak\u0131r alg\u0131lama derinli\u011fi, maks.* 150\u00a0mm Maks. tarama derinli\u011fi* 150\u00a0mm Alg\u0131lanabilen malzeme Plastik borular, demir i\u00e7eren metaller, demir i\u00e7ermeyen metaller, ah\u015fap alt konstr\u00fcksiyonlar, iletken kablolar Ak\u0131m ileten kablolar i\u00e7in tarama derinli\u011fi, maks. 60\u00a0mm Ah\u015fap alt konstr\u00fcksiyonlar\u0131n alg\u0131lanma derinli\u011fi, maks. 40\u00a0mm Hassasiyet \u00b1 5\u00a0mm Ak\u0131m kesme otomati\u011fi, yakla\u015f\u0131k &hellip; <\/p>\n<p class=\"link-more\"><a href=\"https:\/\/alibasakciend.com.tr\/?product=wallscanner-d-tect-150-professional-duvar-tarama-cihazi\" class=\"more-link\">Okumaya devam et<span class=\"screen-reader-text\"> &#8220;Wallscanner D-tect 150 Professional Duvar tarama cihaz\u0131&#8221;<\/span><\/a><\/p>\n","protected":false},"featured_media":9121,"comment_status":"open","ping_status":"closed","template":"","meta":[],"product_brand":[],"product_cat":[15,52,62],"product_tag":[],"class_list":{"0":"post-9120","1":"product","2":"type-product","3":"status-publish","4":"has-post-thumbnail","6":"product_cat-genel","7":"product_cat-akulu-aletler","8":"product_cat-olcme-aletleri","9":"entry","11":"first","12":"instock","13":"shipping-taxable","14":"product-type-simple"},"_links":{"self":[{"href":"https:\/\/alibasakciend.com.tr\/index.php?rest_route=\/wp\/v2\/product\/9120","targetHints":{"allow":["GET"]}}],"collection":[{"href":"https:\/\/alibasakciend.com.tr\/index.php?rest_route=\/wp\/v2\/product"}],"about":[{"href":"https:\/\/alibasakciend.com.tr\/index.php?rest_route=\/wp\/v2\/types\/product"}],"replies":[{"embeddable":true,"href":"https:\/\/alibasakciend.com.tr\/index.php?rest_route=%2Fwp%2Fv2%2Fcomments&post=9120"}],"wp:featuredmedia":[{"embeddable":true,"href":"https:\/\/alibasakciend.com.tr\/index.php?rest_route=\/wp\/v2\/media\/9121"}],"wp:attachment":[{"href":"https:\/\/alibasakciend.com.tr\/index.php?rest_route=%2Fwp%2Fv2%2Fmedia&parent=9120"}],"wp:term":[{"taxonomy":"product_brand","embeddable":true,"href":"https:\/\/alibasakciend.com.tr\/index.php?rest_route=%2Fwp%2Fv2%2Fproduct_brand&post=9120"},{"taxonomy":"product_cat","embeddable":true,"href":"https:\/\/alibasakciend.com.tr\/index.php?rest_route=%2Fwp%2Fv2%2Fproduct_cat&post=9120"},{"taxonomy":"product_tag","embeddable":true,"href":"https:\/\/alibasakciend.com.tr\/index.php?rest_route=%2Fwp%2Fv2%2Fproduct_tag&post=9120"}],"curies":[{"name":"wp","href":"https:\/\/api.w.org\/{rel}","templated":true}]}}