{"id":9004,"date":"2020-07-15T15:00:27","date_gmt":"2020-07-15T15:00:27","guid":{"rendered":"https:\/\/basakcilastik.com.tr\/?post_type=product&#038;p=9004"},"modified":"2020-07-15T15:00:27","modified_gmt":"2020-07-15T15:00:27","slug":"wert-1160-darbeli-matkap-600w","status":"publish","type":"product","link":"https:\/\/alibasakciend.com.tr\/?product=wert-1160-darbeli-matkap-600w","title":{"rendered":"WERT 1160 Darbeli Matkap, 600W"},"content":{"rendered":"<p>WERT 1160 Darbeli Matkap<\/p>\n<p>&nbsp;<\/p>\n<ul>\n<li>Ergonomik dizayn, yumu\u015fak tutma sapl\u0131<br \/>\n\u25cf Ayarlanabilir h\u0131z kontrol\u00fc<br \/>\n\u25cf Sa\u011f-sol d\u00f6n\u00fc\u015fl\u00fc<br \/>\n\u25cf Anahtars\u0131z mandren<br \/>\n\u25cf Karton kutulu<\/p>\n<p>Teknik \u00d6zellikler:<br \/>\n\u25cf Gerilim: 230V \/50 Hz<br \/>\n\u25cf Giri\u015f g\u00fcc\u00fc: 600W<br \/>\n\u25cf Devir say\u0131s\u0131: 0-2900d\/dak<br \/>\n\u25cf Darbe say\u0131s\u0131: 0-29000d\/dak<br \/>\n\u25cf Koruma s\u0131n\u0131f\u0131 : II<br \/>\n\u25cf Boyun \u00e7ap\u0131: \u00d843mm<br \/>\n\u25cf Mandren \u00f6l\u00e7\u00fcs\u00fc: \u00bd\u201d x 20UNF<br \/>\n\u25cf Mandren u\u00e7 \u00f6l\u00e7\u00fcs\u00fc: 2-13mm<br \/>\n\u25cf Delme \u00e7ap\u0131 \u2013 \u00c7elik: 13mm<br \/>\n\u25cf Delme \u00e7ap\u0131 \u2013 Beton: 16mm<br \/>\n\u25cf Delme \u00e7ap\u0131 \u2013 Ah\u015fap: 20mm<br \/>\n\u25cf Net a\u011f\u0131rl\u0131k: 2,0kg<br \/>\n\u25cf Kordon uzunlu\u011fu: 1,8m<br \/>\n\u25cf Lp<sub>A<\/sub>: 91db<sub>(A)<\/sub><br \/>\n\u25cf Lw<sub>A<\/sub>: 105db<sub>(A)<\/sub><br \/>\n\u25cf Aw: 18,69m\/s<sup>2<\/sup><\/li>\n<\/ul>\n<p><strong>A\u011f\u0131rl\u0131k(Kg)<\/strong><\/p>\n<p><strong>:<\/strong><\/p>\n<p>2.5<\/p>\n","protected":false},"excerpt":{"rendered":"<p>WERT 1160 Darbeli Matkap &nbsp; Ergonomik dizayn, yumu\u015fak tutma sapl\u0131 \u25cf Ayarlanabilir h\u0131z kontrol\u00fc \u25cf Sa\u011f-sol d\u00f6n\u00fc\u015fl\u00fc \u25cf Anahtars\u0131z mandren \u25cf Karton kutulu Teknik \u00d6zellikler: \u25cf Gerilim: 230V \/50 Hz \u25cf Giri\u015f g\u00fcc\u00fc: 600W \u25cf Devir say\u0131s\u0131: 0-2900d\/dak \u25cf Darbe say\u0131s\u0131: 0-29000d\/dak \u25cf Koruma s\u0131n\u0131f\u0131 : II \u25cf Boyun \u00e7ap\u0131: \u00d843mm \u25cf Mandren \u00f6l\u00e7\u00fcs\u00fc: \u00bd\u201d &hellip; <\/p>\n<p class=\"link-more\"><a href=\"https:\/\/alibasakciend.com.tr\/?product=wert-1160-darbeli-matkap-600w\" class=\"more-link\">Okumaya devam et<span class=\"screen-reader-text\"> &#8220;WERT 1160 Darbeli Matkap, 600W&#8221;<\/span><\/a><\/p>\n","protected":false},"featured_media":9005,"comment_status":"open","ping_status":"closed","template":"","meta":[],"product_brand":[],"product_cat":[15,52,61],"product_tag":[],"class_list":{"0":"post-9004","1":"product","2":"type-product","3":"status-publish","4":"has-post-thumbnail","6":"product_cat-genel","7":"product_cat-akulu-aletler","8":"product_cat-matkaplar","9":"entry","11":"first","12":"instock","13":"shipping-taxable","14":"product-type-simple"},"_links":{"self":[{"href":"https:\/\/alibasakciend.com.tr\/index.php?rest_route=\/wp\/v2\/product\/9004","targetHints":{"allow":["GET"]}}],"collection":[{"href":"https:\/\/alibasakciend.com.tr\/index.php?rest_route=\/wp\/v2\/product"}],"about":[{"href":"https:\/\/alibasakciend.com.tr\/index.php?rest_route=\/wp\/v2\/types\/product"}],"replies":[{"embeddable":true,"href":"https:\/\/alibasakciend.com.tr\/index.php?rest_route=%2Fwp%2Fv2%2Fcomments&post=9004"}],"wp:featuredmedia":[{"embeddable":true,"href":"https:\/\/alibasakciend.com.tr\/index.php?rest_route=\/wp\/v2\/media\/9005"}],"wp:attachment":[{"href":"https:\/\/alibasakciend.com.tr\/index.php?rest_route=%2Fwp%2Fv2%2Fmedia&parent=9004"}],"wp:term":[{"taxonomy":"product_brand","embeddable":true,"href":"https:\/\/alibasakciend.com.tr\/index.php?rest_route=%2Fwp%2Fv2%2Fproduct_brand&post=9004"},{"taxonomy":"product_cat","embeddable":true,"href":"https:\/\/alibasakciend.com.tr\/index.php?rest_route=%2Fwp%2Fv2%2Fproduct_cat&post=9004"},{"taxonomy":"product_tag","embeddable":true,"href":"https:\/\/alibasakciend.com.tr\/index.php?rest_route=%2Fwp%2Fv2%2Fproduct_tag&post=9004"}],"curies":[{"name":"wp","href":"https:\/\/api.w.org\/{rel}","templated":true}]}}