{"id":8998,"date":"2020-07-15T14:58:15","date_gmt":"2020-07-15T14:58:15","guid":{"rendered":"https:\/\/basakcilastik.com.tr\/?post_type=product&#038;p=8998"},"modified":"2020-07-15T14:58:15","modified_gmt":"2020-07-15T14:58:15","slug":"te-id-1050-ce-darbeli-matkap","status":"publish","type":"product","link":"https:\/\/alibasakciend.com.tr\/?product=te-id-1050-ce-darbeli-matkap","title":{"rendered":"TE-ID 1050 CE darbeli matkap"},"content":{"rendered":"<p><strong>\u00dcr\u00fcn a\u00e7\u0131klamas\u0131<\/strong><\/p>\n<p>TE-ID 1050 CE darbeli matkap, ev, at\u00f6lye ve garaj\u0131n her yerinde vidalama, delme ve darbeli delme i\u015fleri konusunda uzmanlar\u0131n talepleri i\u00e7in y\u00fcksek kaliteli ve y\u00fcksek performansl\u0131 bir ara\u00e7t\u0131r. Dinamik h\u0131z kontrol sistemi sayesinde \u00e7al\u0131\u015fma y\u00fck alt\u0131nda bile h\u0131z kayb\u0131 olmadan ger\u00e7ekle\u015ftirilir. A\u011f\u0131r delme i\u015flerinde dahi rahat \u00e7al\u0131\u015fabilece\u011finiz 1050 W motora sahip al\u00fcminyum di\u015fli kafal\u0131 sa\u011flam, uzun \u00f6m\u00fcrl\u00fc 2 vitesli bir cihazd\u0131r. TE-ID 1050 CE darbeli matkap,kolayca tak\u0131p \u00e7\u0131kar\u0131labilen toz emme apaarat\u0131 sayesinde pratikte toz s\u0131k\u0131nt\u0131s\u0131 olmadan delme i\u015fleri yapman\u0131z\u0131 sa\u011flayan toz emme adapt\u00f6r\u00fc olan bir cihazd\u0131r. Y\u00fcksek kaliteli, matkap ucunun herhangi bir alet kullanmadan kolayca de\u011fi\u015ftirilmesine olanak tan\u0131yan mandrene sahiptir. Metalden yap\u0131lm\u0131\u015f kademesiz ayarlanabilir delme derinli\u011fi dayana\u011f\u0131, tekrarlanan belli derinlikteki delme i\u015flemlerinde kolayl\u0131k sa\u011flar. Yumu\u015fak kavrama ve ilave tutamak, makinenin g\u00fcvenli ve rahat bir \u015fekilde kullan\u0131lmas\u0131n\u0131 sa\u011flar. Ek tutamaktaki pratik matkap ucu deposu ile, do\u011fru bit her zaman elinizin alt\u0131ndad\u0131r. TE-ID 1050 CE&#8217;nin h\u0131zl\u0131 ve g\u00fcvenli bir \u015fekilde depolanmas\u0131 ve ta\u015f\u0131nmas\u0131 i\u00e7in pratik bir saklama \u00e7antas\u0131 vard\u0131r.<\/p>\n<p><strong>\u00d6zellikler<\/strong><\/p>\n<p>Darbeli Matkap TE-ID 1050 CE i\u00e7in detaylar, \u015fekiller ve bilgiler: burada ayr\u0131nt\u0131l\u0131 teknik veriler ve bu Einhell \u00fcr\u00fcn\u00fcn\u00fcn boyutlar\u0131, a\u011f\u0131rl\u0131\u011f\u0131 ve ambalaj\u0131 hakk\u0131nda \u00f6zel bilgiler bulacaks\u0131n\u0131z.<\/p>\n<table>\n<tbody>\n<tr>\n<td colspan=\"2\"><strong>Teknik \u00d6zellikler<\/strong><\/td>\n<\/tr>\n<tr>\n<td><strong>Giri\u015f voltaj\u0131<\/strong><\/td>\n<td>230 V | 50 Hz<\/td>\n<\/tr>\n<tr>\n<td><strong>G\u00fc\u00e7<\/strong><\/td>\n<td>1050 W<\/td>\n<\/tr>\n<tr>\n<td><strong>Di\u015fli say\u0131s\u0131<\/strong><\/td>\n<td>2<\/td>\n<\/tr>\n<tr>\n<td><strong>Bo\u015fta \u00e7al\u0131\u015fma h\u0131z\u0131 (1. vites)<\/strong><\/td>\n<td>0-1000 min^-1<\/td>\n<\/tr>\n<tr>\n<td><strong>Bo\u015fta \u00e7al\u0131\u015fma h\u0131z\u0131 (2. vites)<\/strong><\/td>\n<td>0-2800 min^-1<\/td>\n<\/tr>\n<tr>\n<td><strong>Darbe oran\u0131 (1. vites)<\/strong><\/td>\n<td>0-15000 min^-1<\/td>\n<\/tr>\n<tr>\n<td><strong>Darbe oran\u0131 (2. vites)<\/strong><\/td>\n<td>0-42000 min^-1<\/td>\n<\/tr>\n<tr>\n<td><strong>Mandren<\/strong><\/td>\n<td>1.5 mm &#8211; 13 mm<\/td>\n<\/tr>\n<tr>\n<td><strong>Ah\u015fap delme kapasitesi<\/strong><\/td>\n<td>40 mm<\/td>\n<\/tr>\n<tr>\n<td><strong>Metal delme kapasitesi<\/strong><\/td>\n<td>13 mm<\/td>\n<\/tr>\n<tr>\n<td><strong>Beton delme kapasitesi<\/strong><\/td>\n<td>16 mm<\/td>\n<\/tr>\n<\/tbody>\n<\/table>\n","protected":false},"excerpt":{"rendered":"<p>\u00dcr\u00fcn a\u00e7\u0131klamas\u0131 TE-ID 1050 CE darbeli matkap, ev, at\u00f6lye ve garaj\u0131n her yerinde vidalama, delme ve darbeli delme i\u015fleri konusunda uzmanlar\u0131n talepleri i\u00e7in y\u00fcksek kaliteli ve y\u00fcksek performansl\u0131 bir ara\u00e7t\u0131r. Dinamik h\u0131z kontrol sistemi sayesinde \u00e7al\u0131\u015fma y\u00fck alt\u0131nda bile h\u0131z kayb\u0131 olmadan ger\u00e7ekle\u015ftirilir. A\u011f\u0131r delme i\u015flerinde dahi rahat \u00e7al\u0131\u015fabilece\u011finiz 1050 W motora sahip al\u00fcminyum di\u015fli &hellip; <\/p>\n<p class=\"link-more\"><a href=\"https:\/\/alibasakciend.com.tr\/?product=te-id-1050-ce-darbeli-matkap\" class=\"more-link\">Okumaya devam et<span class=\"screen-reader-text\"> &#8220;TE-ID 1050 CE darbeli matkap&#8221;<\/span><\/a><\/p>\n","protected":false},"featured_media":8999,"comment_status":"open","ping_status":"closed","template":"","meta":[],"product_brand":[],"product_cat":[15,52,61],"product_tag":[],"class_list":{"0":"post-8998","1":"product","2":"type-product","3":"status-publish","4":"has-post-thumbnail","6":"product_cat-genel","7":"product_cat-akulu-aletler","8":"product_cat-matkaplar","9":"entry","11":"first","12":"instock","13":"shipping-taxable","14":"product-type-simple"},"_links":{"self":[{"href":"https:\/\/alibasakciend.com.tr\/index.php?rest_route=\/wp\/v2\/product\/8998","targetHints":{"allow":["GET"]}}],"collection":[{"href":"https:\/\/alibasakciend.com.tr\/index.php?rest_route=\/wp\/v2\/product"}],"about":[{"href":"https:\/\/alibasakciend.com.tr\/index.php?rest_route=\/wp\/v2\/types\/product"}],"replies":[{"embeddable":true,"href":"https:\/\/alibasakciend.com.tr\/index.php?rest_route=%2Fwp%2Fv2%2Fcomments&post=8998"}],"wp:featuredmedia":[{"embeddable":true,"href":"https:\/\/alibasakciend.com.tr\/index.php?rest_route=\/wp\/v2\/media\/8999"}],"wp:attachment":[{"href":"https:\/\/alibasakciend.com.tr\/index.php?rest_route=%2Fwp%2Fv2%2Fmedia&parent=8998"}],"wp:term":[{"taxonomy":"product_brand","embeddable":true,"href":"https:\/\/alibasakciend.com.tr\/index.php?rest_route=%2Fwp%2Fv2%2Fproduct_brand&post=8998"},{"taxonomy":"product_cat","embeddable":true,"href":"https:\/\/alibasakciend.com.tr\/index.php?rest_route=%2Fwp%2Fv2%2Fproduct_cat&post=8998"},{"taxonomy":"product_tag","embeddable":true,"href":"https:\/\/alibasakciend.com.tr\/index.php?rest_route=%2Fwp%2Fv2%2Fproduct_tag&post=8998"}],"curies":[{"name":"wp","href":"https:\/\/api.w.org\/{rel}","templated":true}]}}