{"id":8996,"date":"2020-07-15T14:56:48","date_gmt":"2020-07-15T14:56:48","guid":{"rendered":"https:\/\/basakcilastik.com.tr\/?post_type=product&#038;p=8996"},"modified":"2020-07-15T14:56:49","modified_gmt":"2020-07-15T14:56:49","slug":"tc-id-710-e-darbeli-matkap","status":"publish","type":"product","link":"https:\/\/alibasakciend.com.tr\/?product=tc-id-710-e-darbeli-matkap","title":{"rendered":"TC-ID 710 E Darbeli Matkap"},"content":{"rendered":"<p><strong>\u00dcr\u00fcn a\u00e7\u0131klamas\u0131<\/strong><\/p>\n<p>Einhell TE-ID 710 E \u00e7ok y\u00f6nl\u00fc bir cihaz olup ev, at\u00f6lye ve \u015fantiye gibi bir\u00e7ok yerdeki i\u015flerinizde kullanabilece\u011finiz bir \u00fcr\u00fcnd\u00fcr. Delme, darbeli delme, geri d\u00f6n\u00fc\u015fl\u00fc delme ve vidalama fonksiyonlar\u0131 ile t\u00fcm delme-vidalama i\u015fleriniz i\u00e7in \u00e7ok iyi bir yard\u0131mc\u0131d\u0131r. Matkap u\u00e7lar\u0131 kolay de\u011fi\u015ftirmeye imkan veren mandren sayesinde h\u0131zl\u0131ca de\u011fi\u015ftirilebilir. \u00d6nse\u00e7imli elektronik h\u0131z kontrol\u00fc ile tam olarak istedi\u011finiz g\u00fcc\u00fc alabilirsiniz. Metal derinlik mesedi s\u00fcrekli tekrarlayan delme i\u015flerinizde b\u00fcy\u00fck kolayl\u0131k sa\u011flar. S\u00fcrekli \u00e7al\u0131\u015fma kilidi ile devaml\u0131 \u00e7al\u0131\u015fabilirsiniz. Pratik kemer kancas\u0131 ile \u00e7al\u0131\u015fmad\u0131\u011f\u0131n\u0131z anlarda belinizde ta\u015f\u0131yabilirsiniz.<\/p>\n<p><strong>\u00d6zellikler<\/strong><\/p>\n<p>Darbeli Matkap TC-ID 710 E i\u00e7in detaylar, \u015fekiller ve bilgiler: burada ayr\u0131nt\u0131l\u0131 teknik veriler ve bu Einhell \u00fcr\u00fcn\u00fcn\u00fcn boyutlar\u0131, a\u011f\u0131rl\u0131\u011f\u0131 ve ambalaj\u0131 hakk\u0131nda \u00f6zel bilgiler bulacaks\u0131n\u0131z.<\/p>\n<table>\n<tbody>\n<tr>\n<td colspan=\"2\"><strong>Teknik \u00d6zellikler<\/strong><\/td>\n<\/tr>\n<tr>\n<td><strong>Giri\u015f voltaj\u0131<\/strong><\/td>\n<td>230 V | 50 Hz<\/td>\n<\/tr>\n<tr>\n<td><strong>G\u00fc\u00e7<\/strong><\/td>\n<td>710 W<\/td>\n<\/tr>\n<tr>\n<td><strong>Di\u015fli say\u0131s\u0131<\/strong><\/td>\n<td>1<\/td>\n<\/tr>\n<tr>\n<td><strong>Bo\u015fta \u00e7al\u0131\u015fma h\u0131z\u0131 (1. vites)<\/strong><\/td>\n<td>0-2700 min^-1<\/td>\n<\/tr>\n<tr>\n<td><strong>Darbe oran\u0131 (1. vites)<\/strong><\/td>\n<td>0 &#8211; 43200 min^-1<\/td>\n<\/tr>\n<tr>\n<td><strong>Mandren<\/strong><\/td>\n<td>1.5 mm &#8211; 13 mm<\/td>\n<\/tr>\n<tr>\n<td><strong>Ah\u015fap delme kapasitesi<\/strong><\/td>\n<td>25 mm<\/td>\n<\/tr>\n<tr>\n<td><strong>Metal delme kapasitesi<\/strong><\/td>\n<td>10 mm<\/td>\n<\/tr>\n<tr>\n<td><strong>Beton delme kapasitesi<\/strong><\/td>\n<td>13 mm<\/td>\n<\/tr>\n<\/tbody>\n<\/table>\n<p>&nbsp;<\/p>\n<table>\n<tbody>\n<tr>\n<td colspan=\"2\"><strong>Lojistik verisi<\/strong><\/td>\n<\/tr>\n<tr>\n<td><strong>Uzunluk<\/strong><\/td>\n<td>307 mm<\/td>\n<\/tr>\n<tr>\n<td><strong>Geni\u015flik<\/strong><\/td>\n<td>78 mm<\/td>\n<\/tr>\n<tr>\n<td><strong>Y\u00fckseklik<\/strong><\/td>\n<td>240 mm<\/td>\n<\/tr>\n<tr>\n<td><strong>Tek \u00fcr\u00fcn paketinin br\u00fct a\u011f\u0131rl\u0131\u011f\u0131 (kg)<\/strong><\/td>\n<td>2.3 kg<\/td>\n<\/tr>\n<tr>\n<td><strong>\u00dcr\u00fcn a\u011f\u0131rl\u0131\u011f\u0131<\/strong><\/td>\n<td>2.07 kg<\/td>\n<\/tr>\n<\/tbody>\n<\/table>\n","protected":false},"excerpt":{"rendered":"<p>\u00dcr\u00fcn a\u00e7\u0131klamas\u0131 Einhell TE-ID 710 E \u00e7ok y\u00f6nl\u00fc bir cihaz olup ev, at\u00f6lye ve \u015fantiye gibi bir\u00e7ok yerdeki i\u015flerinizde kullanabilece\u011finiz bir \u00fcr\u00fcnd\u00fcr. Delme, darbeli delme, geri d\u00f6n\u00fc\u015fl\u00fc delme ve vidalama fonksiyonlar\u0131 ile t\u00fcm delme-vidalama i\u015fleriniz i\u00e7in \u00e7ok iyi bir yard\u0131mc\u0131d\u0131r. Matkap u\u00e7lar\u0131 kolay de\u011fi\u015ftirmeye imkan veren mandren sayesinde h\u0131zl\u0131ca de\u011fi\u015ftirilebilir. \u00d6nse\u00e7imli elektronik h\u0131z kontrol\u00fc ile &hellip; <\/p>\n<p class=\"link-more\"><a href=\"https:\/\/alibasakciend.com.tr\/?product=tc-id-710-e-darbeli-matkap\" class=\"more-link\">Okumaya devam et<span class=\"screen-reader-text\"> &#8220;TC-ID 710 E Darbeli Matkap&#8221;<\/span><\/a><\/p>\n","protected":false},"featured_media":8997,"comment_status":"open","ping_status":"closed","template":"","meta":[],"product_brand":[],"product_cat":[15,52,61],"product_tag":[],"class_list":{"0":"post-8996","1":"product","2":"type-product","3":"status-publish","4":"has-post-thumbnail","6":"product_cat-genel","7":"product_cat-akulu-aletler","8":"product_cat-matkaplar","9":"entry","11":"first","12":"instock","13":"shipping-taxable","14":"product-type-simple"},"_links":{"self":[{"href":"https:\/\/alibasakciend.com.tr\/index.php?rest_route=\/wp\/v2\/product\/8996","targetHints":{"allow":["GET"]}}],"collection":[{"href":"https:\/\/alibasakciend.com.tr\/index.php?rest_route=\/wp\/v2\/product"}],"about":[{"href":"https:\/\/alibasakciend.com.tr\/index.php?rest_route=\/wp\/v2\/types\/product"}],"replies":[{"embeddable":true,"href":"https:\/\/alibasakciend.com.tr\/index.php?rest_route=%2Fwp%2Fv2%2Fcomments&post=8996"}],"wp:featuredmedia":[{"embeddable":true,"href":"https:\/\/alibasakciend.com.tr\/index.php?rest_route=\/wp\/v2\/media\/8997"}],"wp:attachment":[{"href":"https:\/\/alibasakciend.com.tr\/index.php?rest_route=%2Fwp%2Fv2%2Fmedia&parent=8996"}],"wp:term":[{"taxonomy":"product_brand","embeddable":true,"href":"https:\/\/alibasakciend.com.tr\/index.php?rest_route=%2Fwp%2Fv2%2Fproduct_brand&post=8996"},{"taxonomy":"product_cat","embeddable":true,"href":"https:\/\/alibasakciend.com.tr\/index.php?rest_route=%2Fwp%2Fv2%2Fproduct_cat&post=8996"},{"taxonomy":"product_tag","embeddable":true,"href":"https:\/\/alibasakciend.com.tr\/index.php?rest_route=%2Fwp%2Fv2%2Fproduct_tag&post=8996"}],"curies":[{"name":"wp","href":"https:\/\/api.w.org\/{rel}","templated":true}]}}