{"id":8992,"date":"2020-07-15T14:54:53","date_gmt":"2020-07-15T14:54:53","guid":{"rendered":"https:\/\/basakcilastik.com.tr\/?post_type=product&#038;p=8992"},"modified":"2020-07-15T14:54:54","modified_gmt":"2020-07-15T14:54:54","slug":"talon-sarjli-akulu-matkap-ve-tornavida-96-v","status":"publish","type":"product","link":"https:\/\/alibasakciend.com.tr\/?product=talon-sarjli-akulu-matkap-ve-tornavida-96-v","title":{"rendered":"Talon \u015earjl\u0131 Ak\u00fcl\u00fc Matkap ve Tornavida 9,6 V"},"content":{"rendered":"<p><strong>\u00dcr\u00fcn Teknik Bilgileri<\/strong><\/p>\n<table width=\"100%\">\n<tbody>\n<tr>\n<td width=\"402\"><strong>Kodu<\/strong><\/td>\n<td width=\"404\"><strong>TD742840<\/strong><\/td>\n<\/tr>\n<tr>\n<td><strong>Voltaj<\/strong><\/td>\n<td><strong>9,6 V<\/strong><\/td>\n<\/tr>\n<tr>\n<td><strong>Mandren \/ Manden Cinsi<\/strong><\/td>\n<td><strong>10 mm \/ Supra<\/strong><\/td>\n<\/tr>\n<tr>\n<td><strong>Bo\u015fta Devir<\/strong><\/td>\n<td><strong>0-285 \/ 0-850<\/strong><\/td>\n<\/tr>\n<tr>\n<td><strong>Tork Ayar Kapasitesi<\/strong><\/td>\n<td><strong>7+1<\/strong><\/td>\n<\/tr>\n<tr>\n<td><strong>A\u011fa\u00e7 \/\u00a0Sa\u00e7 Delme Kapasitesi<\/strong><\/td>\n<td><strong>16 mm \/ 10 mm<\/strong><\/td>\n<\/tr>\n<tr>\n<td><strong>Ak\u00fcs\u00fc<\/strong><\/td>\n<td><strong>96BB<\/strong><\/td>\n<\/tr>\n<tr>\n<td><strong>Ak\u00fc \u015earj Cinsi<\/strong><\/td>\n<td><strong>1.3\u00a0AH<\/strong><\/td>\n<\/tr>\n<tr>\n<td><strong>Saat<\/strong><\/td>\n<td><strong>3 Saat<\/strong><\/td>\n<\/tr>\n<tr>\n<td><strong>A\u011f\u0131rl\u0131k<\/strong><\/td>\n<td><strong>1.50 Kg<\/strong><\/td>\n<\/tr>\n<\/tbody>\n<\/table>\n","protected":false},"excerpt":{"rendered":"<p>\u00dcr\u00fcn Teknik Bilgileri Kodu TD742840 Voltaj 9,6 V Mandren \/ Manden Cinsi 10 mm \/ Supra Bo\u015fta Devir 0-285 \/ 0-850 Tork Ayar Kapasitesi 7+1 A\u011fa\u00e7 \/\u00a0Sa\u00e7 Delme Kapasitesi 16 mm \/ 10 mm Ak\u00fcs\u00fc 96BB Ak\u00fc \u015earj Cinsi 1.3\u00a0AH Saat 3 Saat A\u011f\u0131rl\u0131k 1.50 Kg<\/p>\n","protected":false},"featured_media":8993,"comment_status":"open","ping_status":"closed","template":"","meta":[],"product_brand":[],"product_cat":[15,52,61],"product_tag":[],"class_list":{"0":"post-8992","1":"product","2":"type-product","3":"status-publish","4":"has-post-thumbnail","6":"product_cat-genel","7":"product_cat-akulu-aletler","8":"product_cat-matkaplar","9":"entry","11":"first","12":"instock","13":"shipping-taxable","14":"product-type-simple"},"_links":{"self":[{"href":"https:\/\/alibasakciend.com.tr\/index.php?rest_route=\/wp\/v2\/product\/8992","targetHints":{"allow":["GET"]}}],"collection":[{"href":"https:\/\/alibasakciend.com.tr\/index.php?rest_route=\/wp\/v2\/product"}],"about":[{"href":"https:\/\/alibasakciend.com.tr\/index.php?rest_route=\/wp\/v2\/types\/product"}],"replies":[{"embeddable":true,"href":"https:\/\/alibasakciend.com.tr\/index.php?rest_route=%2Fwp%2Fv2%2Fcomments&post=8992"}],"wp:featuredmedia":[{"embeddable":true,"href":"https:\/\/alibasakciend.com.tr\/index.php?rest_route=\/wp\/v2\/media\/8993"}],"wp:attachment":[{"href":"https:\/\/alibasakciend.com.tr\/index.php?rest_route=%2Fwp%2Fv2%2Fmedia&parent=8992"}],"wp:term":[{"taxonomy":"product_brand","embeddable":true,"href":"https:\/\/alibasakciend.com.tr\/index.php?rest_route=%2Fwp%2Fv2%2Fproduct_brand&post=8992"},{"taxonomy":"product_cat","embeddable":true,"href":"https:\/\/alibasakciend.com.tr\/index.php?rest_route=%2Fwp%2Fv2%2Fproduct_cat&post=8992"},{"taxonomy":"product_tag","embeddable":true,"href":"https:\/\/alibasakciend.com.tr\/index.php?rest_route=%2Fwp%2Fv2%2Fproduct_tag&post=8992"}],"curies":[{"name":"wp","href":"https:\/\/api.w.org\/{rel}","templated":true}]}}