{"id":8883,"date":"2020-07-14T15:31:34","date_gmt":"2020-07-14T15:31:34","guid":{"rendered":"https:\/\/basakcilastik.com.tr\/?post_type=product&#038;p=8883"},"modified":"2020-07-14T15:31:35","modified_gmt":"2020-07-14T15:31:35","slug":"dewalt-d21160-qs-kose-matkabi-sari-siyah","status":"publish","type":"product","link":"https:\/\/alibasakciend.com.tr\/?product=dewalt-d21160-qs-kose-matkabi-sari-siyah","title":{"rendered":"Dewalt D21160-QS K\u00f6\u015fe Matkab\u0131 Sar\u0131-Siyah"},"content":{"rendered":"<table width=\"1016\">\n<tbody>\n<tr>\n<td><strong>\u00dcr\u00fcn \u00d6zellikleri:<\/strong><\/p>\n<p>\u00b7\u00a0\u00a0\u00a0\u00a0\u00a0\u00a0\u00a0\u00a0 Darbesiz matkap<\/p>\n<p>\u00b7\u00a0\u00a0\u00a0\u00a0\u00a0\u00a0\u00a0\u00a0 701W<\/p>\n<p>\u00b7\u00a0\u00a0\u00a0\u00a0\u00a0\u00a0\u00a0\u00a0 13mm anahtars\u0131z mandren<\/p>\n<p>\u00b7\u00a0\u00a0\u00a0\u00a0\u00a0\u00a0\u00a0\u00a0 sa\u011f-sol d\u00f6n\u00fc\u015f<\/p>\n<p>\u00b7\u00a0\u00a0\u00a0\u00a0\u00a0\u00a0\u00a0\u00a0 elektronik h\u0131z ayar\u0131<\/p>\n<p>\u00b7\u00a0\u00a0\u00a0\u00a0\u00a0\u00a0\u00a0\u00a0 0-900 dev\/dak<\/p>\n<p>\u00b7\u00a0\u00a0\u00a0\u00a0\u00a0\u00a0\u00a0\u00a0 rahat \u00e7al\u0131\u015fmak i\u00e7in geni\u015f tetik<\/p>\n<p>\u00b7\u00a0\u00a0\u00a0\u00a0\u00a0\u00a0\u00a0\u00a0 kau\u00e7uk kapl\u0131 sap<\/td>\n<\/tr>\n<\/tbody>\n<\/table>\n<p>&nbsp;<\/p>\n<table width=\"1016\">\n<tbody>\n<tr>\n<td>\n<table width=\"1016\">\n<tbody>\n<tr>\n<td><\/td>\n<\/tr>\n<\/tbody>\n<\/table>\n<p>&nbsp;<\/p>\n<table width=\"1016\">\n<tbody>\n<tr>\n<td>\n<table width=\"920\">\n<tbody>\n<tr>\n<td width=\"368\"><strong>G\u00fc\u00e7 (W)<\/strong><\/td>\n<td>700 W<\/td>\n<\/tr>\n<tr>\n<td width=\"368\"><strong>T\u00fcr\u00fc<\/strong><\/td>\n<td>Darbesiz<\/td>\n<\/tr>\n<\/tbody>\n<\/table>\n<p>&nbsp;<\/p>\n<table width=\"920\">\n<tbody>\n<tr>\n<td width=\"368\"><strong>Garanti S\u00fcresi (Ay)<\/strong><\/td>\n<td>24<\/td>\n<\/tr>\n<tr>\n<td width=\"368\"><strong>Yurt D\u0131\u015f\u0131 Sat\u0131\u015f<\/strong><\/td>\n<td>Yok<\/td>\n<\/tr>\n<tr>\n<td width=\"368\"><strong>Stok Kodu<\/strong><\/td>\n<td>HRKLDWD21160<\/td>\n<\/tr>\n<tr>\n<td colspan=\"2\"><strong>Di\u011fer<\/strong><\/td>\n<\/tr>\n<\/tbody>\n<\/table>\n<\/td>\n<\/tr>\n<\/tbody>\n<\/table>\n<\/td>\n<\/tr>\n<\/tbody>\n<\/table>\n","protected":false},"excerpt":{"rendered":"<p>\u00dcr\u00fcn \u00d6zellikleri: \u00b7\u00a0\u00a0\u00a0\u00a0\u00a0\u00a0\u00a0\u00a0 Darbesiz matkap \u00b7\u00a0\u00a0\u00a0\u00a0\u00a0\u00a0\u00a0\u00a0 701W \u00b7\u00a0\u00a0\u00a0\u00a0\u00a0\u00a0\u00a0\u00a0 13mm anahtars\u0131z mandren \u00b7\u00a0\u00a0\u00a0\u00a0\u00a0\u00a0\u00a0\u00a0 sa\u011f-sol d\u00f6n\u00fc\u015f \u00b7\u00a0\u00a0\u00a0\u00a0\u00a0\u00a0\u00a0\u00a0 elektronik h\u0131z ayar\u0131 \u00b7\u00a0\u00a0\u00a0\u00a0\u00a0\u00a0\u00a0\u00a0 0-900 dev\/dak \u00b7\u00a0\u00a0\u00a0\u00a0\u00a0\u00a0\u00a0\u00a0 rahat \u00e7al\u0131\u015fmak i\u00e7in geni\u015f tetik \u00b7\u00a0\u00a0\u00a0\u00a0\u00a0\u00a0\u00a0\u00a0 kau\u00e7uk kapl\u0131 sap &nbsp; &nbsp; G\u00fc\u00e7 (W) 700 W T\u00fcr\u00fc Darbesiz &nbsp; Garanti S\u00fcresi (Ay) 24 Yurt D\u0131\u015f\u0131 Sat\u0131\u015f Yok Stok Kodu HRKLDWD21160 Di\u011fer<\/p>\n","protected":false},"featured_media":8884,"comment_status":"open","ping_status":"closed","template":"","meta":[],"product_brand":[],"product_cat":[15,52,61],"product_tag":[],"class_list":{"0":"post-8883","1":"product","2":"type-product","3":"status-publish","4":"has-post-thumbnail","6":"product_cat-genel","7":"product_cat-akulu-aletler","8":"product_cat-matkaplar","9":"entry","11":"first","12":"instock","13":"shipping-taxable","14":"product-type-simple"},"_links":{"self":[{"href":"https:\/\/alibasakciend.com.tr\/index.php?rest_route=\/wp\/v2\/product\/8883","targetHints":{"allow":["GET"]}}],"collection":[{"href":"https:\/\/alibasakciend.com.tr\/index.php?rest_route=\/wp\/v2\/product"}],"about":[{"href":"https:\/\/alibasakciend.com.tr\/index.php?rest_route=\/wp\/v2\/types\/product"}],"replies":[{"embeddable":true,"href":"https:\/\/alibasakciend.com.tr\/index.php?rest_route=%2Fwp%2Fv2%2Fcomments&post=8883"}],"wp:featuredmedia":[{"embeddable":true,"href":"https:\/\/alibasakciend.com.tr\/index.php?rest_route=\/wp\/v2\/media\/8884"}],"wp:attachment":[{"href":"https:\/\/alibasakciend.com.tr\/index.php?rest_route=%2Fwp%2Fv2%2Fmedia&parent=8883"}],"wp:term":[{"taxonomy":"product_brand","embeddable":true,"href":"https:\/\/alibasakciend.com.tr\/index.php?rest_route=%2Fwp%2Fv2%2Fproduct_brand&post=8883"},{"taxonomy":"product_cat","embeddable":true,"href":"https:\/\/alibasakciend.com.tr\/index.php?rest_route=%2Fwp%2Fv2%2Fproduct_cat&post=8883"},{"taxonomy":"product_tag","embeddable":true,"href":"https:\/\/alibasakciend.com.tr\/index.php?rest_route=%2Fwp%2Fv2%2Fproduct_tag&post=8883"}],"curies":[{"name":"wp","href":"https:\/\/api.w.org\/{rel}","templated":true}]}}