{"id":8861,"date":"2020-07-14T08:43:20","date_gmt":"2020-07-14T08:43:20","guid":{"rendered":"https:\/\/basakcilastik.com.tr\/?post_type=product&#038;p=8861"},"modified":"2020-07-14T08:43:20","modified_gmt":"2020-07-14T08:43:20","slug":"wert-1400-kirici-delici-800w","status":"publish","type":"product","link":"https:\/\/alibasakciend.com.tr\/?product=wert-1400-kirici-delici-800w","title":{"rendered":"WERT 1400 K\u0131r\u0131c\u0131 Delici, 800W"},"content":{"rendered":"<p>WERT 1400 K\u0131r\u0131c\u0131 Delici, 800W<\/p>\n<p>&nbsp;<\/p>\n<ul>\n<li>Ergonomik dizayn, yumu\u015fak tutma sapl\u0131 k\u0131r\u0131c\u0131 delici matkap<br \/>\n\u25cf G\u00fc\u00e7l\u00fc motor<br \/>\n\u25cf Ayarlanabilir h\u0131z kontrol\u00fc<br \/>\n\u25cf Sa\u011f-sol d\u00f6n\u00fc\u015fl\u00fc<br \/>\n\u25cf Derinlik ayar\u0131 i\u00e7in mesnet \u00e7ubuklu<br \/>\n\u25cf SDS-Plus mandren<br \/>\n\u25cf \u00c7antal\u0131<br \/>\n\u25cf 3 Adet SDS-plus 8, 10, 12mm matkap ucu<br \/>\n\u25cf 1 Adet SDS-plus mur\u00e7<br \/>\n\u25cf 1 Adet SDS-plus keski<\/p>\n<p>Teknik \u00d6zellikleri:<br \/>\n\u25cf Gerilim: 230V \/50 Hz<br \/>\n\u25cf Giri\u015f g\u00fcc\u00fc (watt): 800<br \/>\n\u25cf Darbe say\u0131s\u0131 (darbe\/dak): 0-4000<br \/>\n\u25cf Darbe g\u00fcc\u00fc (J): 3.0<br \/>\n\u25cf Sa\u011fa d\u00f6nme h\u0131z\u0131 (devir\/dak.): 0-900<br \/>\n\u25cf Mandren d\u0131\u015f \u00e7ap\u0131 (mm): 50<br \/>\n\u25cf Delme \u00e7ap\u0131 \u2013 Ta\u015f (mm): 68<br \/>\n\u25cf Delme \u00e7ap\u0131 \u2013 Beton (mm): 26<br \/>\n\u25cf Delme \u00e7ap\u0131 \u2013 Ah\u015fap (mm): 30<br \/>\n\u25cf Delme \u00e7ap\u0131 \u2013 \u00c7elik (mm): 13<br \/>\n\u25cf Net a\u011f\u0131rl\u0131k (kg): 3,2<br \/>\n\u25cf H\u0131z ayar\u0131<br \/>\n\u25cf D\u00f6nme durdurma<br \/>\n\u25cf SDS-Plus mandren<br \/>\n\u25cf G\u00fcvenlik s\u0131n\u0131f\u0131: \u25d8 \/II<br \/>\n\u25cf Ses bas\u0131n\u00e7 d\u00fczeyi LpA (db(A)): 91<br \/>\n\u25cf Ses g\u00fc\u00e7 d\u00fczeyi LwA (db(A)): 104<br \/>\n\u25cf A\u011f\u0131rl\u0131kl\u0131 ivme Aw (m\/s2): 12<\/li>\n<\/ul>\n<p><strong>A\u011f\u0131rl\u0131k(Kg)<\/strong><\/p>\n<p><strong>:<\/strong><\/p>\n<p>5.4<\/p>\n","protected":false},"excerpt":{"rendered":"<p>WERT 1400 K\u0131r\u0131c\u0131 Delici, 800W &nbsp; Ergonomik dizayn, yumu\u015fak tutma sapl\u0131 k\u0131r\u0131c\u0131 delici matkap \u25cf G\u00fc\u00e7l\u00fc motor \u25cf Ayarlanabilir h\u0131z kontrol\u00fc \u25cf Sa\u011f-sol d\u00f6n\u00fc\u015fl\u00fc \u25cf Derinlik ayar\u0131 i\u00e7in mesnet \u00e7ubuklu \u25cf SDS-Plus mandren \u25cf \u00c7antal\u0131 \u25cf 3 Adet SDS-plus 8, 10, 12mm matkap ucu \u25cf 1 Adet SDS-plus mur\u00e7 \u25cf 1 Adet SDS-plus keski Teknik &hellip; <\/p>\n<p class=\"link-more\"><a href=\"https:\/\/alibasakciend.com.tr\/?product=wert-1400-kirici-delici-800w\" class=\"more-link\">Okumaya devam et<span class=\"screen-reader-text\"> &#8220;WERT 1400 K\u0131r\u0131c\u0131 Delici, 800W&#8221;<\/span><\/a><\/p>\n","protected":false},"featured_media":8862,"comment_status":"open","ping_status":"closed","template":"","meta":[],"product_brand":[],"product_cat":[15,52,60],"product_tag":[],"class_list":{"0":"post-8861","1":"product","2":"type-product","3":"status-publish","4":"has-post-thumbnail","6":"product_cat-genel","7":"product_cat-akulu-aletler","8":"product_cat-kirici-delici-ve-kiricilar","9":"entry","11":"first","12":"instock","13":"shipping-taxable","14":"product-type-simple"},"_links":{"self":[{"href":"https:\/\/alibasakciend.com.tr\/index.php?rest_route=\/wp\/v2\/product\/8861","targetHints":{"allow":["GET"]}}],"collection":[{"href":"https:\/\/alibasakciend.com.tr\/index.php?rest_route=\/wp\/v2\/product"}],"about":[{"href":"https:\/\/alibasakciend.com.tr\/index.php?rest_route=\/wp\/v2\/types\/product"}],"replies":[{"embeddable":true,"href":"https:\/\/alibasakciend.com.tr\/index.php?rest_route=%2Fwp%2Fv2%2Fcomments&post=8861"}],"wp:featuredmedia":[{"embeddable":true,"href":"https:\/\/alibasakciend.com.tr\/index.php?rest_route=\/wp\/v2\/media\/8862"}],"wp:attachment":[{"href":"https:\/\/alibasakciend.com.tr\/index.php?rest_route=%2Fwp%2Fv2%2Fmedia&parent=8861"}],"wp:term":[{"taxonomy":"product_brand","embeddable":true,"href":"https:\/\/alibasakciend.com.tr\/index.php?rest_route=%2Fwp%2Fv2%2Fproduct_brand&post=8861"},{"taxonomy":"product_cat","embeddable":true,"href":"https:\/\/alibasakciend.com.tr\/index.php?rest_route=%2Fwp%2Fv2%2Fproduct_cat&post=8861"},{"taxonomy":"product_tag","embeddable":true,"href":"https:\/\/alibasakciend.com.tr\/index.php?rest_route=%2Fwp%2Fv2%2Fproduct_tag&post=8861"}],"curies":[{"name":"wp","href":"https:\/\/api.w.org\/{rel}","templated":true}]}}