{"id":8739,"date":"2020-07-10T14:54:18","date_gmt":"2020-07-10T14:54:18","guid":{"rendered":"https:\/\/basakcilastik.com.tr\/?post_type=product&#038;p=8739"},"modified":"2020-07-10T14:54:18","modified_gmt":"2020-07-10T14:54:18","slug":"uzun-tip-kalipci-taslama-hsg-18re","status":"publish","type":"product","link":"https:\/\/alibasakciend.com.tr\/?product=uzun-tip-kalipci-taslama-hsg-18re","title":{"rendered":"Uzun Tip Kal\u0131p\u00e7\u0131 Ta\u015flama HSG 18RE"},"content":{"rendered":"<p><strong>\u00dcr\u00fcn Teknik Bilgileri<\/strong><\/p>\n<table width=\"100%\">\n<tbody>\n<tr>\n<td width=\"50%\"><strong>G\u00fcc\u00fc<\/strong><\/td>\n<td width=\"50%\"><strong>800 Watt<\/strong><\/td>\n<\/tr>\n<tr>\n<td><strong>Bo\u015ftaki Devir<\/strong><\/td>\n<td><strong>9000 \/ 30000 min-1<\/strong><\/td>\n<\/tr>\n<tr>\n<td><strong>Tetikten Devir<\/strong><\/td>\n<td><strong>Var<\/strong><\/td>\n<\/tr>\n<tr>\n<td><strong>Max. Ta\u015flama U\u00e7<\/strong><\/td>\n<td><strong>25 mm<\/strong><\/td>\n<\/tr>\n<tr>\n<td><strong>Pens \u00c7ap\u0131<\/strong><\/td>\n<td><strong>6 mm<\/strong><\/td>\n<\/tr>\n<tr>\n<td><strong>A\u011f\u0131rl\u0131k<\/strong><\/td>\n<td><strong>2,0 kg<\/strong><\/td>\n<\/tr>\n<\/tbody>\n<\/table>\n","protected":false},"excerpt":{"rendered":"<p>\u00dcr\u00fcn Teknik Bilgileri G\u00fcc\u00fc 800 Watt Bo\u015ftaki Devir 9000 \/ 30000 min-1 Tetikten Devir Var Max. Ta\u015flama U\u00e7 25 mm Pens \u00c7ap\u0131 6 mm A\u011f\u0131rl\u0131k 2,0 kg<\/p>\n","protected":false},"featured_media":8740,"comment_status":"open","ping_status":"closed","template":"","meta":[],"product_brand":[],"product_cat":[15,52,59],"product_tag":[],"class_list":{"0":"post-8739","1":"product","2":"type-product","3":"status-publish","4":"has-post-thumbnail","6":"product_cat-genel","7":"product_cat-akulu-aletler","8":"product_cat-kalipci-taslamalar","9":"entry","11":"first","12":"instock","13":"shipping-taxable","14":"product-type-simple"},"_links":{"self":[{"href":"https:\/\/alibasakciend.com.tr\/index.php?rest_route=\/wp\/v2\/product\/8739","targetHints":{"allow":["GET"]}}],"collection":[{"href":"https:\/\/alibasakciend.com.tr\/index.php?rest_route=\/wp\/v2\/product"}],"about":[{"href":"https:\/\/alibasakciend.com.tr\/index.php?rest_route=\/wp\/v2\/types\/product"}],"replies":[{"embeddable":true,"href":"https:\/\/alibasakciend.com.tr\/index.php?rest_route=%2Fwp%2Fv2%2Fcomments&post=8739"}],"wp:featuredmedia":[{"embeddable":true,"href":"https:\/\/alibasakciend.com.tr\/index.php?rest_route=\/wp\/v2\/media\/8740"}],"wp:attachment":[{"href":"https:\/\/alibasakciend.com.tr\/index.php?rest_route=%2Fwp%2Fv2%2Fmedia&parent=8739"}],"wp:term":[{"taxonomy":"product_brand","embeddable":true,"href":"https:\/\/alibasakciend.com.tr\/index.php?rest_route=%2Fwp%2Fv2%2Fproduct_brand&post=8739"},{"taxonomy":"product_cat","embeddable":true,"href":"https:\/\/alibasakciend.com.tr\/index.php?rest_route=%2Fwp%2Fv2%2Fproduct_cat&post=8739"},{"taxonomy":"product_tag","embeddable":true,"href":"https:\/\/alibasakciend.com.tr\/index.php?rest_route=%2Fwp%2Fv2%2Fproduct_tag&post=8739"}],"curies":[{"name":"wp","href":"https:\/\/api.w.org\/{rel}","templated":true}]}}