{"id":8737,"date":"2020-07-10T14:53:33","date_gmt":"2020-07-10T14:53:33","guid":{"rendered":"https:\/\/basakcilastik.com.tr\/?post_type=product&#038;p=8737"},"modified":"2020-07-10T14:53:33","modified_gmt":"2020-07-10T14:53:33","slug":"troy-12230-yuzey-taslama-o230mm-2300w","status":"publish","type":"product","link":"https:\/\/alibasakciend.com.tr\/?product=troy-12230-yuzey-taslama-o230mm-2300w","title":{"rendered":"TROY 12230 Y\u00fczey Ta\u015flama \u00d8230mm, 2300W"},"content":{"rendered":"<p>TROY 12230 Y\u00fczey Ta\u015flama Makinas\u0131 \u00d8230mm, 2300W<\/p>\n<p>&nbsp;<\/p>\n<ul>\n<li>Sa\u011flam dayan\u0131kl\u0131 g\u00f6vdeli y\u00fczey ta\u015flama makinas\u0131<br \/>\n\u25cf G\u00fc\u00e7l\u00fc y\u00fcksek performansl\u0131 motor<br \/>\n\u25cf Yeni ergonomik dizayn<br \/>\n\u25cf 3 farkl\u0131 pozisyonda ayarlanabilir d\u00f6ner tutacak<br \/>\n\u25cf Yumu\u015fak ba\u015flama \u00f6zellikli<br \/>\n\u25cf Karton kutulu<br \/>\n\u25cf Gerilim\/Frekans (V\/Hz): 230-240\/50<br \/>\n\u25cf Giri\u015f g\u00fcc\u00fc (Watt): 2300<br \/>\n\u25cf Y\u00fcks\u00fcz h\u0131z (Devir \/ dakika): 6200<br \/>\n\u25cf Disk \u00e7ap\u0131 (mm): 230<br \/>\n\u25cf Mil (mm): 14<br \/>\n\u25cf Motor izolasyon s\u0131n\u0131f\u0131:E<br \/>\n\u25cf Net a\u011f\u0131rl\u0131k (kg): 5,8<br \/>\n\u25cf D\u0131\u015f boyutlar\u0131 (mm): 485x246x146<br \/>\n\u25cf Ses bas\u0131n\u00e7 seviyesi LpA (db(A)) (EN 50144\u2019e g\u00f6re): 93,1<br \/>\n\u25cf Ses g\u00fc\u00e7 seviyesi LwA (db(A)) (EN 50144\u2019e g\u00f6re): 106,1<br \/>\n\u25cf Titre\u015fim de\u011feri Aw (m\/s2) (EN 50144\u2019e g\u00f6re): \u02c22,5<\/li>\n<\/ul>\n<p><strong>A\u011f\u0131rl\u0131k(Kg)<\/strong><\/p>\n<p><strong>:<\/strong><\/p>\n<p>6.75<\/p>\n","protected":false},"excerpt":{"rendered":"<p>TROY 12230 Y\u00fczey Ta\u015flama Makinas\u0131 \u00d8230mm, 2300W &nbsp; Sa\u011flam dayan\u0131kl\u0131 g\u00f6vdeli y\u00fczey ta\u015flama makinas\u0131 \u25cf G\u00fc\u00e7l\u00fc y\u00fcksek performansl\u0131 motor \u25cf Yeni ergonomik dizayn \u25cf 3 farkl\u0131 pozisyonda ayarlanabilir d\u00f6ner tutacak \u25cf Yumu\u015fak ba\u015flama \u00f6zellikli \u25cf Karton kutulu \u25cf Gerilim\/Frekans (V\/Hz): 230-240\/50 \u25cf Giri\u015f g\u00fcc\u00fc (Watt): 2300 \u25cf Y\u00fcks\u00fcz h\u0131z (Devir \/ dakika): 6200 \u25cf Disk &hellip; <\/p>\n<p class=\"link-more\"><a href=\"https:\/\/alibasakciend.com.tr\/?product=troy-12230-yuzey-taslama-o230mm-2300w\" class=\"more-link\">Okumaya devam et<span class=\"screen-reader-text\"> &#8220;TROY 12230 Y\u00fczey Ta\u015flama \u00d8230mm, 2300W&#8221;<\/span><\/a><\/p>\n","protected":false},"featured_media":8738,"comment_status":"open","ping_status":"closed","template":"","meta":[],"product_brand":[],"product_cat":[15,52,59],"product_tag":[],"class_list":{"0":"post-8737","1":"product","2":"type-product","3":"status-publish","4":"has-post-thumbnail","6":"product_cat-genel","7":"product_cat-akulu-aletler","8":"product_cat-kalipci-taslamalar","9":"entry","11":"first","12":"instock","13":"shipping-taxable","14":"product-type-simple"},"_links":{"self":[{"href":"https:\/\/alibasakciend.com.tr\/index.php?rest_route=\/wp\/v2\/product\/8737","targetHints":{"allow":["GET"]}}],"collection":[{"href":"https:\/\/alibasakciend.com.tr\/index.php?rest_route=\/wp\/v2\/product"}],"about":[{"href":"https:\/\/alibasakciend.com.tr\/index.php?rest_route=\/wp\/v2\/types\/product"}],"replies":[{"embeddable":true,"href":"https:\/\/alibasakciend.com.tr\/index.php?rest_route=%2Fwp%2Fv2%2Fcomments&post=8737"}],"wp:featuredmedia":[{"embeddable":true,"href":"https:\/\/alibasakciend.com.tr\/index.php?rest_route=\/wp\/v2\/media\/8738"}],"wp:attachment":[{"href":"https:\/\/alibasakciend.com.tr\/index.php?rest_route=%2Fwp%2Fv2%2Fmedia&parent=8737"}],"wp:term":[{"taxonomy":"product_brand","embeddable":true,"href":"https:\/\/alibasakciend.com.tr\/index.php?rest_route=%2Fwp%2Fv2%2Fproduct_brand&post=8737"},{"taxonomy":"product_cat","embeddable":true,"href":"https:\/\/alibasakciend.com.tr\/index.php?rest_route=%2Fwp%2Fv2%2Fproduct_cat&post=8737"},{"taxonomy":"product_tag","embeddable":true,"href":"https:\/\/alibasakciend.com.tr\/index.php?rest_route=%2Fwp%2Fv2%2Fproduct_tag&post=8737"}],"curies":[{"name":"wp","href":"https:\/\/api.w.org\/{rel}","templated":true}]}}