{"id":8657,"date":"2020-07-09T16:49:36","date_gmt":"2020-07-09T16:49:36","guid":{"rendered":"https:\/\/basakcilastik.com.tr\/?post_type=product&#038;p=8657"},"modified":"2020-07-09T16:49:37","modified_gmt":"2020-07-09T16:49:37","slug":"wert-1130-tork-ayarli-vidalama-matkap","status":"publish","type":"product","link":"https:\/\/alibasakciend.com.tr\/?product=wert-1130-tork-ayarli-vidalama-matkap","title":{"rendered":"WERT 1130 Tork Ayarl\u0131 Vidalama &#8211; Matkap"},"content":{"rendered":"<p>WERT 1130 Tork Ayarl\u0131 Vidalama \u2013 Matkap<\/p>\n<ul>\n<li>Ergonomik dizaynl\u0131, yumu\u015fak tutma sapl\u0131 tork ayarl\u0131 vidalama &#8211; matkap<br \/>\n\u25cf Ayarlanabilir h\u0131z kontrol\u00fc<br \/>\n\u25cf Sa\u011f-sol d\u00f6n\u00fc\u015fl\u00fc<br \/>\n\u25cf Anahtars\u0131z mandren<br \/>\n\u25cf Karton kutulu<br \/>\n\u25cf Gerilim\/Frekans: 220 \/ 50 V\/Hz<br \/>\n\u25cf Giri\u015f G\u00fcc\u00fc: 280W<br \/>\n\u25cf Serbest H\u0131z: 0-750 dev\/dak<br \/>\n\u25cf Tork kademesi\/max.tork: 16\/12.5Nm<br \/>\n\u25cf Mandren \u00c7ap\u0131: \u00d8 1,5-10mm<br \/>\n\u25cf Max. Delme Ah\u015fap: 20mm<br \/>\n\u25cf Max. Delme \u00c7elik: 10mm<br \/>\n\u25cf Net A\u011f\u0131rl\u0131k: 1,4kg<br \/>\n\u25cf LpA: 70db(A)<br \/>\n\u25cf Titre\u015fim de\u011feri: 2.5m\/s2<\/li>\n<\/ul>\n<p><strong>A\u011f\u0131rl\u0131k(Kg)<\/strong><\/p>\n<p><strong>:<\/strong><\/p>\n<p>1.5<\/p>\n","protected":false},"excerpt":{"rendered":"<p>WERT 1130 Tork Ayarl\u0131 Vidalama \u2013 Matkap Ergonomik dizaynl\u0131, yumu\u015fak tutma sapl\u0131 tork ayarl\u0131 vidalama &#8211; matkap \u25cf Ayarlanabilir h\u0131z kontrol\u00fc \u25cf Sa\u011f-sol d\u00f6n\u00fc\u015fl\u00fc \u25cf Anahtars\u0131z mandren \u25cf Karton kutulu \u25cf Gerilim\/Frekans: 220 \/ 50 V\/Hz \u25cf Giri\u015f G\u00fcc\u00fc: 280W \u25cf Serbest H\u0131z: 0-750 dev\/dak \u25cf Tork kademesi\/max.tork: 16\/12.5Nm \u25cf Mandren \u00c7ap\u0131: \u00d8 1,5-10mm \u25cf &hellip; <\/p>\n<p class=\"link-more\"><a href=\"https:\/\/alibasakciend.com.tr\/?product=wert-1130-tork-ayarli-vidalama-matkap\" class=\"more-link\">Okumaya devam et<span class=\"screen-reader-text\"> &#8220;WERT 1130 Tork Ayarl\u0131 Vidalama &#8211; Matkap&#8221;<\/span><\/a><\/p>\n","protected":false},"featured_media":8658,"comment_status":"open","ping_status":"closed","template":"","meta":[],"product_brand":[],"product_cat":[15,52,57],"product_tag":[],"class_list":{"0":"post-8657","1":"product","2":"type-product","3":"status-publish","4":"has-post-thumbnail","6":"product_cat-genel","7":"product_cat-akulu-aletler","8":"product_cat-delme-vidalama-makineleri","9":"entry","11":"first","12":"instock","13":"shipping-taxable","14":"product-type-simple"},"_links":{"self":[{"href":"https:\/\/alibasakciend.com.tr\/index.php?rest_route=\/wp\/v2\/product\/8657","targetHints":{"allow":["GET"]}}],"collection":[{"href":"https:\/\/alibasakciend.com.tr\/index.php?rest_route=\/wp\/v2\/product"}],"about":[{"href":"https:\/\/alibasakciend.com.tr\/index.php?rest_route=\/wp\/v2\/types\/product"}],"replies":[{"embeddable":true,"href":"https:\/\/alibasakciend.com.tr\/index.php?rest_route=%2Fwp%2Fv2%2Fcomments&post=8657"}],"wp:featuredmedia":[{"embeddable":true,"href":"https:\/\/alibasakciend.com.tr\/index.php?rest_route=\/wp\/v2\/media\/8658"}],"wp:attachment":[{"href":"https:\/\/alibasakciend.com.tr\/index.php?rest_route=%2Fwp%2Fv2%2Fmedia&parent=8657"}],"wp:term":[{"taxonomy":"product_brand","embeddable":true,"href":"https:\/\/alibasakciend.com.tr\/index.php?rest_route=%2Fwp%2Fv2%2Fproduct_brand&post=8657"},{"taxonomy":"product_cat","embeddable":true,"href":"https:\/\/alibasakciend.com.tr\/index.php?rest_route=%2Fwp%2Fv2%2Fproduct_cat&post=8657"},{"taxonomy":"product_tag","embeddable":true,"href":"https:\/\/alibasakciend.com.tr\/index.php?rest_route=%2Fwp%2Fv2%2Fproduct_tag&post=8657"}],"curies":[{"name":"wp","href":"https:\/\/api.w.org\/{rel}","templated":true}]}}