{"id":8655,"date":"2020-07-09T16:48:37","date_gmt":"2020-07-09T16:48:37","guid":{"rendered":"https:\/\/basakcilastik.com.tr\/?post_type=product&#038;p=8655"},"modified":"2020-07-09T16:48:38","modified_gmt":"2020-07-09T16:48:38","slug":"troy-13012-li-ion-akulu-vidalama","status":"publish","type":"product","link":"https:\/\/alibasakciend.com.tr\/?product=troy-13012-li-ion-akulu-vidalama","title":{"rendered":"TROY 13012 Li-Ion Ak\u00fcl\u00fc Vidalama"},"content":{"rendered":"<p>TROY 13012 Li-Ion Ak\u00fcl\u00fc Vidalama<\/p>\n<ul>\n<li>\nYumu\u015fak tutma sap\u0131 ile ergonomik dizayn<br \/>\n\u25cf G\u00fc\u00e7l\u00fc motor<br \/>\n\u25cf Ayarlanabilir h\u0131z kontrol\u00fc<br \/>\n\u25cf 5 kademeli tork ayar\u0131<br \/>\n\u25cf Sa\u011f sol d\u00f6n\u00fc\u015fl\u00fc<br \/>\n\u25cf Anahtars\u0131z mandrenli &#8211; 10mm<br \/>\n\u25cf 1 Saat dolum s\u00fcreli<br \/>\n\u25cf \u00c7antal\u0131<\/li>\n<\/ul>\n<p><strong>Teknik \u00d6zellikleri:<\/strong><br \/>\n\u25cf Ak\u00fc gerilimi\/ak\u0131m\u0131: 10.8V \/ 1,5Ah<br \/>\n\u25cf Serbest H\u0131z (dev\/dak): 0-550<br \/>\n\u25cf Mandren \u00e7ap\u0131 (mm): \u00d80,8-10<br \/>\n\u25cf Max. ses \u015fiddeti (dB(A): &lt;70<br \/>\n\u25cf Titre\u015fim d\u00fczeyi Aw (m\/s2): &lt;2,5<br \/>\n\u25cf Batarya Tipi: Li-Ion<br \/>\n\u25cf \u015earj cihaz\u0131 voltaj\u0131 (V): 220<br \/>\n\u25cf \u015earj cihaz\u0131 frekans\u0131 (Hz): 50<br \/>\n\u25cf \u015earj ak\u0131m\u0131 (mA): 400<br \/>\n\u25cf \u015earj s\u00fcresi (saat): 1<\/p>\n<p><strong>A\u011f\u0131rl\u0131k(Kg)<\/strong><\/p>\n<p><strong>:<\/strong><\/p>\n<p>2.76<\/p>\n","protected":false},"excerpt":{"rendered":"<p>TROY 13012 Li-Ion Ak\u00fcl\u00fc Vidalama Yumu\u015fak tutma sap\u0131 ile ergonomik dizayn \u25cf G\u00fc\u00e7l\u00fc motor \u25cf Ayarlanabilir h\u0131z kontrol\u00fc \u25cf 5 kademeli tork ayar\u0131 \u25cf Sa\u011f sol d\u00f6n\u00fc\u015fl\u00fc \u25cf Anahtars\u0131z mandrenli &#8211; 10mm \u25cf 1 Saat dolum s\u00fcreli \u25cf \u00c7antal\u0131 Teknik \u00d6zellikleri: \u25cf Ak\u00fc gerilimi\/ak\u0131m\u0131: 10.8V \/ 1,5Ah \u25cf Serbest H\u0131z (dev\/dak): 0-550 \u25cf Mandren \u00e7ap\u0131 &hellip; <\/p>\n<p class=\"link-more\"><a href=\"https:\/\/alibasakciend.com.tr\/?product=troy-13012-li-ion-akulu-vidalama\" class=\"more-link\">Okumaya devam et<span class=\"screen-reader-text\"> &#8220;TROY 13012 Li-Ion Ak\u00fcl\u00fc Vidalama&#8221;<\/span><\/a><\/p>\n","protected":false},"featured_media":8656,"comment_status":"open","ping_status":"closed","template":"","meta":[],"product_brand":[],"product_cat":[15,52,57],"product_tag":[],"class_list":{"0":"post-8655","1":"product","2":"type-product","3":"status-publish","4":"has-post-thumbnail","6":"product_cat-genel","7":"product_cat-akulu-aletler","8":"product_cat-delme-vidalama-makineleri","9":"entry","11":"first","12":"instock","13":"shipping-taxable","14":"product-type-simple"},"_links":{"self":[{"href":"https:\/\/alibasakciend.com.tr\/index.php?rest_route=\/wp\/v2\/product\/8655","targetHints":{"allow":["GET"]}}],"collection":[{"href":"https:\/\/alibasakciend.com.tr\/index.php?rest_route=\/wp\/v2\/product"}],"about":[{"href":"https:\/\/alibasakciend.com.tr\/index.php?rest_route=\/wp\/v2\/types\/product"}],"replies":[{"embeddable":true,"href":"https:\/\/alibasakciend.com.tr\/index.php?rest_route=%2Fwp%2Fv2%2Fcomments&post=8655"}],"wp:featuredmedia":[{"embeddable":true,"href":"https:\/\/alibasakciend.com.tr\/index.php?rest_route=\/wp\/v2\/media\/8656"}],"wp:attachment":[{"href":"https:\/\/alibasakciend.com.tr\/index.php?rest_route=%2Fwp%2Fv2%2Fmedia&parent=8655"}],"wp:term":[{"taxonomy":"product_brand","embeddable":true,"href":"https:\/\/alibasakciend.com.tr\/index.php?rest_route=%2Fwp%2Fv2%2Fproduct_brand&post=8655"},{"taxonomy":"product_cat","embeddable":true,"href":"https:\/\/alibasakciend.com.tr\/index.php?rest_route=%2Fwp%2Fv2%2Fproduct_cat&post=8655"},{"taxonomy":"product_tag","embeddable":true,"href":"https:\/\/alibasakciend.com.tr\/index.php?rest_route=%2Fwp%2Fv2%2Fproduct_tag&post=8655"}],"curies":[{"name":"wp","href":"https:\/\/api.w.org\/{rel}","templated":true}]}}