{"id":8514,"date":"2020-07-09T13:03:08","date_gmt":"2020-07-09T13:03:08","guid":{"rendered":"https:\/\/basakcilastik.com.tr\/?post_type=product&#038;p=8514"},"modified":"2020-07-09T13:03:08","modified_gmt":"2020-07-09T13:03:08","slug":"400-wattlik-matkap-professional","status":"publish","type":"product","link":"https:\/\/alibasakciend.com.tr\/?product=400-wattlik-matkap-professional","title":{"rendered":"400 watt&#8217;l\u0131k matkap Professional"},"content":{"rendered":"<table width=\"750\">\n<thead>\n<tr>\n<td colspan=\"2\">Ek veriler<\/td>\n<\/tr>\n<\/thead>\n<tbody>\n<tr>\n<td><strong>\u00c7elikte maks. delme \u00e7ap\u0131*<\/strong><\/td>\n<td><strong>8<\/strong>\u00a0<strong>mm<\/strong><\/td>\n<\/tr>\n<tr>\n<td><strong>\u00c7\u0131k\u0131\u015f g\u00fcc\u00fc*<\/strong><\/td>\n<td><strong>400<\/strong>\u00a0<strong>W<\/strong><\/td>\n<\/tr>\n<tr>\n<td><strong>EPTA uyar\u0131nca a\u011f\u0131rl\u0131k*<\/strong><\/td>\n<td><strong>1,2<\/strong>\u00a0<strong>kg<\/strong><\/td>\n<\/tr>\n<tr>\n<td>Bo\u015ftaki devir say\u0131s\u0131, reg\u00fclasyonsuz<\/td>\n<td>2.560\u00a0dev\/dak<\/td>\n<\/tr>\n<tr>\n<td>Y\u00fck alt\u0131nda hava t\u00fcketimi<\/td>\n<td>22,2\u00a0cfm<\/td>\n<\/tr>\n<tr>\n<td>R\u00f6lantide hava t\u00fcketimi<\/td>\n<td>14\u00a0lt\/sn<\/td>\n<\/tr>\n<tr>\n<td>Matkap mili di\u015fi<\/td>\n<td>1\/2&#8243;-20 UNF-2A<\/td>\n<\/tr>\n<tr>\n<td>Hortum i\u00e7 \u00e7ap\u0131<\/td>\n<td>10\u00a0mm<\/td>\n<\/tr>\n<tr>\n<td>Sa\u011f\/sol d\u00f6n\u00fc\u015f<\/td>\n<td>R<\/td>\n<\/tr>\n<\/tbody>\n<\/table>\n","protected":false},"excerpt":{"rendered":"<p>Ek veriler \u00c7elikte maks. delme \u00e7ap\u0131* 8\u00a0mm \u00c7\u0131k\u0131\u015f g\u00fcc\u00fc* 400\u00a0W EPTA uyar\u0131nca a\u011f\u0131rl\u0131k* 1,2\u00a0kg Bo\u015ftaki devir say\u0131s\u0131, reg\u00fclasyonsuz 2.560\u00a0dev\/dak Y\u00fck alt\u0131nda hava t\u00fcketimi 22,2\u00a0cfm R\u00f6lantide hava t\u00fcketimi 14\u00a0lt\/sn Matkap mili di\u015fi 1\/2&#8243;-20 UNF-2A Hortum i\u00e7 \u00e7ap\u0131 10\u00a0mm Sa\u011f\/sol d\u00f6n\u00fc\u015f R<\/p>\n","protected":false},"featured_media":8515,"comment_status":"open","ping_status":"closed","template":"","meta":[],"product_brand":[],"product_cat":[15,52,57],"product_tag":[],"class_list":{"0":"post-8514","1":"product","2":"type-product","3":"status-publish","4":"has-post-thumbnail","6":"product_cat-genel","7":"product_cat-akulu-aletler","8":"product_cat-delme-vidalama-makineleri","9":"entry","11":"first","12":"instock","13":"shipping-taxable","14":"product-type-simple"},"_links":{"self":[{"href":"https:\/\/alibasakciend.com.tr\/index.php?rest_route=\/wp\/v2\/product\/8514","targetHints":{"allow":["GET"]}}],"collection":[{"href":"https:\/\/alibasakciend.com.tr\/index.php?rest_route=\/wp\/v2\/product"}],"about":[{"href":"https:\/\/alibasakciend.com.tr\/index.php?rest_route=\/wp\/v2\/types\/product"}],"replies":[{"embeddable":true,"href":"https:\/\/alibasakciend.com.tr\/index.php?rest_route=%2Fwp%2Fv2%2Fcomments&post=8514"}],"wp:featuredmedia":[{"embeddable":true,"href":"https:\/\/alibasakciend.com.tr\/index.php?rest_route=\/wp\/v2\/media\/8515"}],"wp:attachment":[{"href":"https:\/\/alibasakciend.com.tr\/index.php?rest_route=%2Fwp%2Fv2%2Fmedia&parent=8514"}],"wp:term":[{"taxonomy":"product_brand","embeddable":true,"href":"https:\/\/alibasakciend.com.tr\/index.php?rest_route=%2Fwp%2Fv2%2Fproduct_brand&post=8514"},{"taxonomy":"product_cat","embeddable":true,"href":"https:\/\/alibasakciend.com.tr\/index.php?rest_route=%2Fwp%2Fv2%2Fproduct_cat&post=8514"},{"taxonomy":"product_tag","embeddable":true,"href":"https:\/\/alibasakciend.com.tr\/index.php?rest_route=%2Fwp%2Fv2%2Fproduct_tag&post=8514"}],"curies":[{"name":"wp","href":"https:\/\/api.w.org\/{rel}","templated":true}]}}