{"id":8439,"date":"2020-07-02T11:00:11","date_gmt":"2020-07-02T11:00:11","guid":{"rendered":"https:\/\/basakcilastik.com.tr\/?post_type=product&#038;p=8439"},"modified":"2020-07-02T11:00:11","modified_gmt":"2020-07-02T11:00:11","slug":"troy-12115-avuc-taslama-o115mm-600w","status":"publish","type":"product","link":"https:\/\/alibasakciend.com.tr\/?product=troy-12115-avuc-taslama-o115mm-600w","title":{"rendered":"TROY 12115 Avu\u00e7 Ta\u015flama \u00d8115mm, 600W"},"content":{"rendered":"<p>TROY 12115 Avu\u00e7 Ta\u015flama \u00d8115mm, 600W<\/p>\n<ul>\n<li>\nG\u00fc\u00e7l\u00fc motorlu avu\u00e7 ta\u015flama makinas\u0131<br \/>\n\u25cf Ergonomik dizayn<br \/>\n\u25cf Kolay disk de\u011fi\u015ftirebilmek i\u00e7in kilitleme butonu<br \/>\n\u25cf \u0130ki y\u00f6nl\u00fc kullan\u0131labilen tutma sap\u0131<br \/>\n\u25cf Y\u00f6n\u00fc ayarlanabilen flan\u015fl\u0131<br \/>\n\u25cf Karton kutulu<br \/>\n\u25cf Gerilim\/Frekans (V\/Hz): 230-240\/50<br \/>\n\u25cf Giri\u015f g\u00fcc\u00fc (Watt): 600<br \/>\n\u25cf Y\u00fcks\u00fcz h\u0131z (Devir \/ dakika): 11000<br \/>\n\u25cf Disk boyutlar\u0131 (d\u0131\u015f \u00e7apxi\u00e7 \u00e7apxkal\u0131nl\u0131k)(mm): 115&#215;22,2&#215;6<br \/>\n\u25cf Mil (mm): 14<br \/>\n\u25cf Motor izolasyon s\u0131n\u0131f\u0131: E<br \/>\n\u25cf Net a\u011f\u0131rl\u0131k (kg): 2,1<br \/>\n\u25cf D\u0131\u015f boyutlar\u0131 (mm):300x128x115<br \/>\n\u25cf Ses bas\u0131n\u00e7 seviyesi LpA (dB(A)) (EN 60745\u2019e g\u00f6re): 88<br \/>\n\u25cf Ses g\u00fc\u00e7 seviyesi LwA (EN 60745\u2019e g\u00f6re): 99+3(dB(A)) K=3dB<br \/>\n\u25cf Ana titre\u015fim de\u011feri Aw (m\/s2) (EN 60745\u2019e g\u00f6re): 12,674<br \/>\n\u25cf Harici titre\u015fim de\u011feri Aw (m\/s2) (EN 60745\u2019e g\u00f6re): 10,979 K=1,5 m\/s2<\/li>\n<\/ul>\n<p><strong>A\u011f\u0131rl\u0131k(Kg)<\/strong><\/p>\n<p><strong>:<\/strong><\/p>\n<p>2.25<\/p>\n","protected":false},"excerpt":{"rendered":"<p>TROY 12115 Avu\u00e7 Ta\u015flama \u00d8115mm, 600W G\u00fc\u00e7l\u00fc motorlu avu\u00e7 ta\u015flama makinas\u0131 \u25cf Ergonomik dizayn \u25cf Kolay disk de\u011fi\u015ftirebilmek i\u00e7in kilitleme butonu \u25cf \u0130ki y\u00f6nl\u00fc kullan\u0131labilen tutma sap\u0131 \u25cf Y\u00f6n\u00fc ayarlanabilen flan\u015fl\u0131 \u25cf Karton kutulu \u25cf Gerilim\/Frekans (V\/Hz): 230-240\/50 \u25cf Giri\u015f g\u00fcc\u00fc (Watt): 600 \u25cf Y\u00fcks\u00fcz h\u0131z (Devir \/ dakika): 11000 \u25cf Disk boyutlar\u0131 (d\u0131\u015f \u00e7apxi\u00e7 &hellip; <\/p>\n<p class=\"link-more\"><a href=\"https:\/\/alibasakciend.com.tr\/?product=troy-12115-avuc-taslama-o115mm-600w\" class=\"more-link\">Okumaya devam et<span class=\"screen-reader-text\"> &#8220;TROY 12115 Avu\u00e7 Ta\u015flama \u00d8115mm, 600W&#8221;<\/span><\/a><\/p>\n","protected":false},"featured_media":0,"comment_status":"open","ping_status":"closed","template":"","meta":[],"product_brand":[],"product_cat":[15,52,54],"product_tag":[],"class_list":{"0":"post-8439","1":"product","2":"type-product","3":"status-publish","5":"product_cat-genel","6":"product_cat-akulu-aletler","7":"product_cat-avuc-taslama","8":"entry","10":"first","11":"instock","12":"shipping-taxable","13":"product-type-simple"},"_links":{"self":[{"href":"https:\/\/alibasakciend.com.tr\/index.php?rest_route=\/wp\/v2\/product\/8439","targetHints":{"allow":["GET"]}}],"collection":[{"href":"https:\/\/alibasakciend.com.tr\/index.php?rest_route=\/wp\/v2\/product"}],"about":[{"href":"https:\/\/alibasakciend.com.tr\/index.php?rest_route=\/wp\/v2\/types\/product"}],"replies":[{"embeddable":true,"href":"https:\/\/alibasakciend.com.tr\/index.php?rest_route=%2Fwp%2Fv2%2Fcomments&post=8439"}],"wp:attachment":[{"href":"https:\/\/alibasakciend.com.tr\/index.php?rest_route=%2Fwp%2Fv2%2Fmedia&parent=8439"}],"wp:term":[{"taxonomy":"product_brand","embeddable":true,"href":"https:\/\/alibasakciend.com.tr\/index.php?rest_route=%2Fwp%2Fv2%2Fproduct_brand&post=8439"},{"taxonomy":"product_cat","embeddable":true,"href":"https:\/\/alibasakciend.com.tr\/index.php?rest_route=%2Fwp%2Fv2%2Fproduct_cat&post=8439"},{"taxonomy":"product_tag","embeddable":true,"href":"https:\/\/alibasakciend.com.tr\/index.php?rest_route=%2Fwp%2Fv2%2Fproduct_tag&post=8439"}],"curies":[{"name":"wp","href":"https:\/\/api.w.org\/{rel}","templated":true}]}}