{"id":8301,"date":"2020-06-29T14:14:44","date_gmt":"2020-06-29T14:14:44","guid":{"rendered":"https:\/\/basakcilastik.com.tr\/?post_type=product&#038;p=8301"},"modified":"2020-06-29T14:14:44","modified_gmt":"2020-06-29T14:14:44","slug":"celik-takviyeli-kaucuk-hortum-10-m-professional","status":"publish","type":"product","link":"https:\/\/alibasakciend.com.tr\/?product=celik-takviyeli-kaucuk-hortum-10-m-professional","title":{"rendered":"\u00c7elik takviyeli kau\u00e7uk hortum (10 m) Professional"},"content":{"rendered":"<p>Teknik veriler<\/p>\n<table width=\"750\">\n<thead>\n<tr>\n<td colspan=\"2\">Ek veriler<\/td>\n<\/tr>\n<\/thead>\n<tbody>\n<tr>\n<td>Hortum uzunlu\u011fu<\/td>\n<td>10\u00a0m<\/td>\n<\/tr>\n<tr>\n<td>A\u011f\u0131rl\u0131k (Aksesuar hari\u00e7)<\/td>\n<td>2,35\u00a0kg<\/td>\n<\/tr>\n<\/tbody>\n<\/table>\n<p>* Vurgulanan Veriler<\/p>\n<p>Elektrikli el aletinin A-dereceli g\u00fcr\u00fclt\u00fc seviyesi tipik olarak \u015fu de\u011ferlere sahiptir: Ses bas\u0131nc\u0131 seviyesi dB(A); Ses performans\u0131 seviyesi dB(A). K belirsizli\u011fi= dB.<\/p>\n<p>Avantajlar<\/p>\n<p>\u0130lave aksesuarlar<\/p>\n<ul>\n<li>10 m uzunlukta \u00e7elik takviyeli kau\u00e7uk hortum son derece uzun \u00f6m\u00fcrl\u00fcd\u00fcr ve 600 bar&#8217;a kadar bas\u0131nca dayan\u0131r<\/li>\n<li>T\u00fcm profesyonel uygulamalar i\u00e7in idealdir<\/li>\n<li>Profesyonel Bosch y\u00fcksek bas\u0131n\u00e7l\u0131 y\u0131kama cihaz\u0131 program\u0131n\u0131n t\u00fcm modelleri i\u00e7in uygundur<\/li>\n<\/ul>\n","protected":false},"excerpt":{"rendered":"<p>Teknik veriler Ek veriler Hortum uzunlu\u011fu 10\u00a0m A\u011f\u0131rl\u0131k (Aksesuar hari\u00e7) 2,35\u00a0kg * Vurgulanan Veriler Elektrikli el aletinin A-dereceli g\u00fcr\u00fclt\u00fc seviyesi tipik olarak \u015fu de\u011ferlere sahiptir: Ses bas\u0131nc\u0131 seviyesi dB(A); Ses performans\u0131 seviyesi dB(A). K belirsizli\u011fi= dB. Avantajlar \u0130lave aksesuarlar 10 m uzunlukta \u00e7elik takviyeli kau\u00e7uk hortum son derece uzun \u00f6m\u00fcrl\u00fcd\u00fcr ve 600 bar&#8217;a kadar bas\u0131nca &hellip; <\/p>\n<p class=\"link-more\"><a href=\"https:\/\/alibasakciend.com.tr\/?product=celik-takviyeli-kaucuk-hortum-10-m-professional\" class=\"more-link\">Okumaya devam et<span class=\"screen-reader-text\"> &#8220;\u00c7elik takviyeli kau\u00e7uk hortum (10 m) Professional&#8221;<\/span><\/a><\/p>\n","protected":false},"featured_media":8302,"comment_status":"open","ping_status":"closed","template":"","meta":[],"product_brand":[],"product_cat":[53,52],"product_tag":[],"class_list":{"0":"post-8301","1":"product","2":"type-product","3":"status-publish","4":"has-post-thumbnail","6":"product_cat-aksesuarlar","7":"product_cat-akulu-aletler","8":"entry","10":"first","11":"instock","12":"shipping-taxable","13":"product-type-simple"},"_links":{"self":[{"href":"https:\/\/alibasakciend.com.tr\/index.php?rest_route=\/wp\/v2\/product\/8301","targetHints":{"allow":["GET"]}}],"collection":[{"href":"https:\/\/alibasakciend.com.tr\/index.php?rest_route=\/wp\/v2\/product"}],"about":[{"href":"https:\/\/alibasakciend.com.tr\/index.php?rest_route=\/wp\/v2\/types\/product"}],"replies":[{"embeddable":true,"href":"https:\/\/alibasakciend.com.tr\/index.php?rest_route=%2Fwp%2Fv2%2Fcomments&post=8301"}],"wp:featuredmedia":[{"embeddable":true,"href":"https:\/\/alibasakciend.com.tr\/index.php?rest_route=\/wp\/v2\/media\/8302"}],"wp:attachment":[{"href":"https:\/\/alibasakciend.com.tr\/index.php?rest_route=%2Fwp%2Fv2%2Fmedia&parent=8301"}],"wp:term":[{"taxonomy":"product_brand","embeddable":true,"href":"https:\/\/alibasakciend.com.tr\/index.php?rest_route=%2Fwp%2Fv2%2Fproduct_brand&post=8301"},{"taxonomy":"product_cat","embeddable":true,"href":"https:\/\/alibasakciend.com.tr\/index.php?rest_route=%2Fwp%2Fv2%2Fproduct_cat&post=8301"},{"taxonomy":"product_tag","embeddable":true,"href":"https:\/\/alibasakciend.com.tr\/index.php?rest_route=%2Fwp%2Fv2%2Fproduct_tag&post=8301"}],"curies":[{"name":"wp","href":"https:\/\/api.w.org\/{rel}","templated":true}]}}