{"id":8295,"date":"2020-06-29T14:11:39","date_gmt":"2020-06-29T14:11:39","guid":{"rendered":"https:\/\/basakcilastik.com.tr\/?post_type=product&#038;p=8295"},"modified":"2020-06-29T14:11:39","modified_gmt":"2020-06-29T14:11:39","slug":"boru-temizleyici-8-metre-professional","status":"publish","type":"product","link":"https:\/\/alibasakciend.com.tr\/?product=boru-temizleyici-8-metre-professional","title":{"rendered":"Boru temizleyici (8 metre) Professional"},"content":{"rendered":"<p>Teknik veriler<\/p>\n<table width=\"750\">\n<thead>\n<tr>\n<td colspan=\"2\">Ek veriler<\/td>\n<\/tr>\n<\/thead>\n<tbody>\n<tr>\n<td><strong>Maks. bas\u0131n\u00e7*<\/strong><\/td>\n<td><strong>150<\/strong>\u00a0<strong>bar<\/strong><\/td>\n<\/tr>\n<tr>\n<td>Hortum uzunlu\u011fu<\/td>\n<td>8\u00a0m<\/td>\n<\/tr>\n<tr>\n<td>A\u011f\u0131rl\u0131k (Aksesuar hari\u00e7)<\/td>\n<td>0,8\u00a0kg<\/td>\n<\/tr>\n<\/tbody>\n<\/table>\n<p>* Vurgulanan Veriler<\/p>\n<p>Elektrikli el aletinin A-dereceli g\u00fcr\u00fclt\u00fc seviyesi tipik olarak \u015fu de\u011ferlere sahiptir: Ses bas\u0131nc\u0131 seviyesi dB(A); Ses performans\u0131 seviyesi dB(A). K belirsizli\u011fi= dB.<\/p>\n<p>Avantajlar<\/p>\n<p>\u0130lave aksesuarlar<\/p>\n<ul>\n<li>Boru hatlar\u0131ndaki, tahliye hatlar\u0131ndaki, tuvaletlerdeki vs. t\u0131kanmalar\u0131n giderilmesi i\u00e7in 8 m uzunlukta boru temizleyici.<\/li>\n<li>\u00dc\u00e7l\u00fc geri tepmeli pirin\u00e7 meme, kar\u015f\u0131s\u0131na \u00e7\u0131kan engelleri temizleyerek memenin ileri itilmesine yard\u0131mc\u0131 olur<\/li>\n<li>100 ile 150 bar aras\u0131ndaki bas\u0131n\u00e7lar i\u00e7in idealdir<\/li>\n<\/ul>\n","protected":false},"excerpt":{"rendered":"<p>Teknik veriler Ek veriler Maks. bas\u0131n\u00e7* 150\u00a0bar Hortum uzunlu\u011fu 8\u00a0m A\u011f\u0131rl\u0131k (Aksesuar hari\u00e7) 0,8\u00a0kg * Vurgulanan Veriler Elektrikli el aletinin A-dereceli g\u00fcr\u00fclt\u00fc seviyesi tipik olarak \u015fu de\u011ferlere sahiptir: Ses bas\u0131nc\u0131 seviyesi dB(A); Ses performans\u0131 seviyesi dB(A). K belirsizli\u011fi= dB. Avantajlar \u0130lave aksesuarlar Boru hatlar\u0131ndaki, tahliye hatlar\u0131ndaki, tuvaletlerdeki vs. t\u0131kanmalar\u0131n giderilmesi i\u00e7in 8 m uzunlukta boru &hellip; <\/p>\n<p class=\"link-more\"><a href=\"https:\/\/alibasakciend.com.tr\/?product=boru-temizleyici-8-metre-professional\" class=\"more-link\">Okumaya devam et<span class=\"screen-reader-text\"> &#8220;Boru temizleyici (8 metre) Professional&#8221;<\/span><\/a><\/p>\n","protected":false},"featured_media":8296,"comment_status":"open","ping_status":"closed","template":"","meta":[],"product_brand":[],"product_cat":[53,52],"product_tag":[],"class_list":{"0":"post-8295","1":"product","2":"type-product","3":"status-publish","4":"has-post-thumbnail","6":"product_cat-aksesuarlar","7":"product_cat-akulu-aletler","8":"entry","10":"first","11":"instock","12":"shipping-taxable","13":"product-type-simple"},"_links":{"self":[{"href":"https:\/\/alibasakciend.com.tr\/index.php?rest_route=\/wp\/v2\/product\/8295","targetHints":{"allow":["GET"]}}],"collection":[{"href":"https:\/\/alibasakciend.com.tr\/index.php?rest_route=\/wp\/v2\/product"}],"about":[{"href":"https:\/\/alibasakciend.com.tr\/index.php?rest_route=\/wp\/v2\/types\/product"}],"replies":[{"embeddable":true,"href":"https:\/\/alibasakciend.com.tr\/index.php?rest_route=%2Fwp%2Fv2%2Fcomments&post=8295"}],"wp:featuredmedia":[{"embeddable":true,"href":"https:\/\/alibasakciend.com.tr\/index.php?rest_route=\/wp\/v2\/media\/8296"}],"wp:attachment":[{"href":"https:\/\/alibasakciend.com.tr\/index.php?rest_route=%2Fwp%2Fv2%2Fmedia&parent=8295"}],"wp:term":[{"taxonomy":"product_brand","embeddable":true,"href":"https:\/\/alibasakciend.com.tr\/index.php?rest_route=%2Fwp%2Fv2%2Fproduct_brand&post=8295"},{"taxonomy":"product_cat","embeddable":true,"href":"https:\/\/alibasakciend.com.tr\/index.php?rest_route=%2Fwp%2Fv2%2Fproduct_cat&post=8295"},{"taxonomy":"product_tag","embeddable":true,"href":"https:\/\/alibasakciend.com.tr\/index.php?rest_route=%2Fwp%2Fv2%2Fproduct_tag&post=8295"}],"curies":[{"name":"wp","href":"https:\/\/api.w.org\/{rel}","templated":true}]}}