{"id":28105,"date":"2020-09-08T15:14:48","date_gmt":"2020-09-08T15:14:48","guid":{"rendered":"https:\/\/basakcilastik.com.tr\/?post_type=product&#038;p=28105"},"modified":"2020-09-08T15:14:50","modified_gmt":"2020-09-08T15:14:50","slug":"1400-l-takim-dolabi-bos","status":"publish","type":"product","link":"https:\/\/alibasakciend.com.tr\/?product=1400-l-takim-dolabi-bos","title":{"rendered":"1400 L Tak\u0131m Dolab\u0131 &#8211; Bo\u015f"},"content":{"rendered":"<p>1400 L<\/p>\n<p>TAKIM DOLABI-BO\u015e<\/p>\n<p>G\u00f6vde:<\/p>\n<ul>\n<li>Boyutlar: Y\u00fckseklik 970 x Geni\u015flik 650 x Derinlik 250 mm<\/li>\n<li>Korozyona ve \u00e7izilmeye dayan\u0131kl\u0131, elektrostatik toz boyal\u0131 mavi GEDORIT \u00e7elik sac<\/li>\n<li>\u00d6rn. S 1400 \u00fcr\u00fcn seti i\u00e7in raflarla ve sabit alet tutucular\u0131yla donat\u0131lm\u0131\u015f<\/li>\n<li>Lokma anahtarlar i\u00e7in alet mod\u00fclleri, c\u0131rc\u0131r, uzatmalar vb. dahil<\/li>\n<\/ul>\n<p>Kap\u0131lar:<\/p>\n<ul>\n<li>Silindir kilit ile merkezi kilitleme sistemi<\/li>\n<\/ul>\n<p>\u00c7ekmeceler:<\/p>\n<ul>\n<li>2 \u00e7ekmece (Geni\u015flik 478 x Derinlik 210 x Y\u00fckseklik 46 mm)<\/li>\n<li>1 \u00e7ekmece (Geni\u015flik 478 x Derinlik 210 x Y\u00fckseklik 72 mm)<\/li>\n<li>Korozyona ve \u00e7izilmeye dayan\u0131kl\u0131, elektrostatik toz boyal\u0131 g\u00fcm\u00fc\u015f rengi GEDORIT \u00e7elik sac<\/li>\n<\/ul>\n<p>&nbsp;<\/p>\n","protected":false},"excerpt":{"rendered":"<p>1400 L TAKIM DOLABI-BO\u015e G\u00f6vde: Boyutlar: Y\u00fckseklik 970 x Geni\u015flik 650 x Derinlik 250 mm Korozyona ve \u00e7izilmeye dayan\u0131kl\u0131, elektrostatik toz boyal\u0131 mavi GEDORIT \u00e7elik sac \u00d6rn. S 1400 \u00fcr\u00fcn seti i\u00e7in raflarla ve sabit alet tutucular\u0131yla donat\u0131lm\u0131\u015f Lokma anahtarlar i\u00e7in alet mod\u00fclleri, c\u0131rc\u0131r, uzatmalar vb. dahil Kap\u0131lar: Silindir kilit ile merkezi kilitleme sistemi \u00c7ekmeceler: &hellip; <\/p>\n<p class=\"link-more\"><a href=\"https:\/\/alibasakciend.com.tr\/?product=1400-l-takim-dolabi-bos\" class=\"more-link\">Okumaya devam et<span class=\"screen-reader-text\"> &#8220;1400 L Tak\u0131m Dolab\u0131 &#8211; Bo\u015f&#8221;<\/span><\/a><\/p>\n","protected":false},"featured_media":28108,"comment_status":"open","ping_status":"closed","template":"","meta":[],"product_brand":[],"product_cat":[15,51,44],"product_tag":[],"class_list":{"0":"post-28105","1":"product","2":"type-product","3":"status-publish","4":"has-post-thumbnail","6":"product_cat-genel","7":"product_cat-takim-dolaplari","8":"product_cat-takim-dolaplari-takim-cantalari-calisma-tezgahlari","9":"entry","11":"first","12":"instock","13":"shipping-taxable","14":"product-type-simple"},"_links":{"self":[{"href":"https:\/\/alibasakciend.com.tr\/index.php?rest_route=\/wp\/v2\/product\/28105","targetHints":{"allow":["GET"]}}],"collection":[{"href":"https:\/\/alibasakciend.com.tr\/index.php?rest_route=\/wp\/v2\/product"}],"about":[{"href":"https:\/\/alibasakciend.com.tr\/index.php?rest_route=\/wp\/v2\/types\/product"}],"replies":[{"embeddable":true,"href":"https:\/\/alibasakciend.com.tr\/index.php?rest_route=%2Fwp%2Fv2%2Fcomments&post=28105"}],"wp:featuredmedia":[{"embeddable":true,"href":"https:\/\/alibasakciend.com.tr\/index.php?rest_route=\/wp\/v2\/media\/28108"}],"wp:attachment":[{"href":"https:\/\/alibasakciend.com.tr\/index.php?rest_route=%2Fwp%2Fv2%2Fmedia&parent=28105"}],"wp:term":[{"taxonomy":"product_brand","embeddable":true,"href":"https:\/\/alibasakciend.com.tr\/index.php?rest_route=%2Fwp%2Fv2%2Fproduct_brand&post=28105"},{"taxonomy":"product_cat","embeddable":true,"href":"https:\/\/alibasakciend.com.tr\/index.php?rest_route=%2Fwp%2Fv2%2Fproduct_cat&post=28105"},{"taxonomy":"product_tag","embeddable":true,"href":"https:\/\/alibasakciend.com.tr\/index.php?rest_route=%2Fwp%2Fv2%2Fproduct_tag&post=28105"}],"curies":[{"name":"wp","href":"https:\/\/api.w.org\/{rel}","templated":true}]}}