{"id":22377,"date":"2020-08-20T14:33:43","date_gmt":"2020-08-20T14:33:43","guid":{"rendered":"https:\/\/basakcilastik.com.tr\/?post_type=product&#038;p=22377"},"modified":"2020-08-20T14:33:45","modified_gmt":"2020-08-20T14:33:45","slug":"1-07-k-cektirme-seti-9-ceneli","status":"publish","type":"product","link":"https:\/\/alibasakciend.com.tr\/?product=1-07-k-cektirme-seti-9-ceneli","title":{"rendered":"1.07-K \u00c7ektirme Seti (9 \u00c7eneli)"},"content":{"rendered":"<p>1.07-K \u00c7ektirme Seti (9 \u00c7eneli)<\/p>\n","protected":false},"excerpt":{"rendered":"<p>1.07-K \u00c7ektirme Seti (9 \u00c7eneli)<\/p>\n","protected":false},"featured_media":22380,"comment_status":"open","ping_status":"closed","template":"","meta":[],"product_brand":[],"product_cat":[15,238,72,85],"product_tag":[],"class_list":{"0":"post-22377","1":"product","2":"type-product","3":"status-publish","4":"has-post-thumbnail","6":"product_cat-genel","7":"product_cat-cektirmeler","8":"product_cat-hirdavat","9":"product_cat-otomotiv","10":"entry","12":"first","13":"instock","14":"shipping-taxable","15":"product-type-simple"},"_links":{"self":[{"href":"https:\/\/alibasakciend.com.tr\/index.php?rest_route=\/wp\/v2\/product\/22377","targetHints":{"allow":["GET"]}}],"collection":[{"href":"https:\/\/alibasakciend.com.tr\/index.php?rest_route=\/wp\/v2\/product"}],"about":[{"href":"https:\/\/alibasakciend.com.tr\/index.php?rest_route=\/wp\/v2\/types\/product"}],"replies":[{"embeddable":true,"href":"https:\/\/alibasakciend.com.tr\/index.php?rest_route=%2Fwp%2Fv2%2Fcomments&post=22377"}],"wp:featuredmedia":[{"embeddable":true,"href":"https:\/\/alibasakciend.com.tr\/index.php?rest_route=\/wp\/v2\/media\/22380"}],"wp:attachment":[{"href":"https:\/\/alibasakciend.com.tr\/index.php?rest_route=%2Fwp%2Fv2%2Fmedia&parent=22377"}],"wp:term":[{"taxonomy":"product_brand","embeddable":true,"href":"https:\/\/alibasakciend.com.tr\/index.php?rest_route=%2Fwp%2Fv2%2Fproduct_brand&post=22377"},{"taxonomy":"product_cat","embeddable":true,"href":"https:\/\/alibasakciend.com.tr\/index.php?rest_route=%2Fwp%2Fv2%2Fproduct_cat&post=22377"},{"taxonomy":"product_tag","embeddable":true,"href":"https:\/\/alibasakciend.com.tr\/index.php?rest_route=%2Fwp%2Fv2%2Fproduct_tag&post=22377"}],"curies":[{"name":"wp","href":"https:\/\/api.w.org\/{rel}","templated":true}]}}