{"id":20170,"date":"2020-08-06T19:43:15","date_gmt":"2020-08-06T19:43:15","guid":{"rendered":"https:\/\/basakcilastik.com.tr\/?post_type=product&#038;p=20170"},"modified":"2020-08-06T19:43:16","modified_gmt":"2020-08-06T19:43:16","slug":"5700-kayis-zimba-takimi","status":"publish","type":"product","link":"https:\/\/alibasakciend.com.tr\/?product=5700-kayis-zimba-takimi","title":{"rendered":"5700 Kay\u0131\u015f Z\u0131mba Tak\u0131m\u0131"},"content":{"rendered":"<p>5700 Kay\u0131\u015f Z\u0131mba Tak\u0131m\u0131<\/p>\n","protected":false},"excerpt":{"rendered":"<p>5700 Kay\u0131\u015f Z\u0131mba Tak\u0131m\u0131<\/p>\n","protected":false},"featured_media":20173,"comment_status":"open","ping_status":"closed","template":"","meta":[],"product_brand":[],"product_cat":[15,72,223,81],"product_tag":[],"class_list":{"0":"post-20170","1":"product","2":"type-product","3":"status-publish","4":"has-post-thumbnail","6":"product_cat-genel","7":"product_cat-hirdavat","8":"product_cat-keskiler","9":"product_cat-keskiler-ve-cekicler","10":"entry","12":"first","13":"instock","14":"shipping-taxable","15":"product-type-simple"},"_links":{"self":[{"href":"https:\/\/alibasakciend.com.tr\/index.php?rest_route=\/wp\/v2\/product\/20170","targetHints":{"allow":["GET"]}}],"collection":[{"href":"https:\/\/alibasakciend.com.tr\/index.php?rest_route=\/wp\/v2\/product"}],"about":[{"href":"https:\/\/alibasakciend.com.tr\/index.php?rest_route=\/wp\/v2\/types\/product"}],"replies":[{"embeddable":true,"href":"https:\/\/alibasakciend.com.tr\/index.php?rest_route=%2Fwp%2Fv2%2Fcomments&post=20170"}],"wp:featuredmedia":[{"embeddable":true,"href":"https:\/\/alibasakciend.com.tr\/index.php?rest_route=\/wp\/v2\/media\/20173"}],"wp:attachment":[{"href":"https:\/\/alibasakciend.com.tr\/index.php?rest_route=%2Fwp%2Fv2%2Fmedia&parent=20170"}],"wp:term":[{"taxonomy":"product_brand","embeddable":true,"href":"https:\/\/alibasakciend.com.tr\/index.php?rest_route=%2Fwp%2Fv2%2Fproduct_brand&post=20170"},{"taxonomy":"product_cat","embeddable":true,"href":"https:\/\/alibasakciend.com.tr\/index.php?rest_route=%2Fwp%2Fv2%2Fproduct_cat&post=20170"},{"taxonomy":"product_tag","embeddable":true,"href":"https:\/\/alibasakciend.com.tr\/index.php?rest_route=%2Fwp%2Fv2%2Fproduct_tag&post=20170"}],"curies":[{"name":"wp","href":"https:\/\/api.w.org\/{rel}","templated":true}]}}