{"id":17242,"date":"2020-07-30T20:59:02","date_gmt":"2020-07-30T20:59:02","guid":{"rendered":"https:\/\/basakcilastik.com.tr\/?post_type=product&#038;p=17242"},"modified":"2020-07-30T20:59:04","modified_gmt":"2020-07-30T20:59:04","slug":"kenito-freze-bicaklari-havsa-matkabi","status":"publish","type":"product","link":"https:\/\/alibasakciend.com.tr\/?product=kenito-freze-bicaklari-havsa-matkabi","title":{"rendered":"&#8221;Kenito&#8221; Freze B\u0131\u00e7aklar\u0131 (Hav\u015fa Matkab\u0131)"},"content":{"rendered":"<p>&#8221;Kenito&#8221; Freze B\u0131\u00e7aklar\u0131 (Hav\u015fa Matkab\u0131)<\/p>\n<p>Viday\u0131 sunta, mdf, a\u011fa\u00e7 gibi yerlere g\u00f6mmek i\u00e7in kullan\u0131l\u0131r.<\/p>\n","protected":false},"excerpt":{"rendered":"<p>&#8221;Kenito&#8221; Freze B\u0131\u00e7aklar\u0131 (Hav\u015fa Matkab\u0131) Viday\u0131 sunta, mdf, a\u011fa\u00e7 gibi yerlere g\u00f6mmek i\u00e7in kullan\u0131l\u0131r.<\/p>\n","protected":false},"featured_media":17243,"comment_status":"open","ping_status":"closed","template":"","meta":[],"product_brand":[],"product_cat":[15,80,72],"product_tag":[],"class_list":{"0":"post-17242","1":"product","2":"type-product","3":"status-publish","4":"has-post-thumbnail","6":"product_cat-genel","7":"product_cat-frezeler","8":"product_cat-hirdavat","9":"entry","11":"first","12":"instock","13":"shipping-taxable","14":"product-type-simple"},"_links":{"self":[{"href":"https:\/\/alibasakciend.com.tr\/index.php?rest_route=\/wp\/v2\/product\/17242","targetHints":{"allow":["GET"]}}],"collection":[{"href":"https:\/\/alibasakciend.com.tr\/index.php?rest_route=\/wp\/v2\/product"}],"about":[{"href":"https:\/\/alibasakciend.com.tr\/index.php?rest_route=\/wp\/v2\/types\/product"}],"replies":[{"embeddable":true,"href":"https:\/\/alibasakciend.com.tr\/index.php?rest_route=%2Fwp%2Fv2%2Fcomments&post=17242"}],"wp:featuredmedia":[{"embeddable":true,"href":"https:\/\/alibasakciend.com.tr\/index.php?rest_route=\/wp\/v2\/media\/17243"}],"wp:attachment":[{"href":"https:\/\/alibasakciend.com.tr\/index.php?rest_route=%2Fwp%2Fv2%2Fmedia&parent=17242"}],"wp:term":[{"taxonomy":"product_brand","embeddable":true,"href":"https:\/\/alibasakciend.com.tr\/index.php?rest_route=%2Fwp%2Fv2%2Fproduct_brand&post=17242"},{"taxonomy":"product_cat","embeddable":true,"href":"https:\/\/alibasakciend.com.tr\/index.php?rest_route=%2Fwp%2Fv2%2Fproduct_cat&post=17242"},{"taxonomy":"product_tag","embeddable":true,"href":"https:\/\/alibasakciend.com.tr\/index.php?rest_route=%2Fwp%2Fv2%2Fproduct_tag&post=17242"}],"curies":[{"name":"wp","href":"https:\/\/api.w.org\/{rel}","templated":true}]}}