{"id":15604,"date":"2020-07-27T19:49:47","date_gmt":"2020-07-27T19:49:47","guid":{"rendered":"https:\/\/basakcilastik.com.tr\/?post_type=product&#038;p=15604"},"modified":"2020-07-27T19:49:48","modified_gmt":"2020-07-27T19:49:48","slug":"15604","status":"publish","type":"product","link":"https:\/\/alibasakciend.com.tr\/?product=15604","title":{"rendered":""},"content":{"rendered":"<ul>\n<li>Korozyona kar\u015f\u0131 mat chrome kaplama.<\/li>\n<li>Anahtarlar\u0131n kolay oturmas\u0131 i\u00e7in yuvarlat\u0131lm\u0131\u015f u\u00e7lar.<\/li>\n<li>Sertle\u015ftirilmi\u015f kaliteli chrome vanadium malzeme.<\/li>\n<\/ul>\n<table width=\"100%\">\n<tbody>\n<tr>\n<td width=\"148\"><strong>\u00a0\u00dcr\u00fcn Kodu<\/strong><\/td>\n<td width=\"159\"><strong>\u00a0\u00d6l\u00e7\u00fc<\/strong><\/td>\n<td width=\"173\"><strong>\u00a0Paket \/ Koli<\/strong><\/td>\n<\/tr>\n<tr>\n<td width=\"148\">\u00a0RTB5040<\/td>\n<td width=\"159\">\u00a04 mm<\/td>\n<td width=\"173\">\u00a024 \/ 480 adet<\/td>\n<\/tr>\n<tr>\n<td width=\"148\">\u00a0RTB5050<\/td>\n<td width=\"159\">\u00a05 mm<\/td>\n<td width=\"173\">\u00a024 \/ 480 adet<\/td>\n<\/tr>\n<tr>\n<td width=\"148\">\u00a0RTB5060<\/td>\n<td width=\"159\">\u00a06 mm<\/td>\n<td width=\"173\">\u00a012 \/ 240 adet<\/td>\n<\/tr>\n<tr>\n<td width=\"148\">\u00a0RTB5080<\/td>\n<td width=\"159\">\u00a08 mm<\/td>\n<td width=\"173\">\u00a012 \/ 144 adet<\/td>\n<\/tr>\n<tr>\n<td width=\"148\">\u00a0RTB5100<\/td>\n<td width=\"159\">\u00a010 mm<\/td>\n<td width=\"173\">\u00a012 \/ 108 adet<\/td>\n<\/tr>\n<\/tbody>\n<\/table>\n<p>&nbsp;<\/p>\n","protected":false},"excerpt":{"rendered":"<p>Korozyona kar\u015f\u0131 mat chrome kaplama. Anahtarlar\u0131n kolay oturmas\u0131 i\u00e7in yuvarlat\u0131lm\u0131\u015f u\u00e7lar. Sertle\u015ftirilmi\u015f kaliteli chrome vanadium malzeme. \u00a0\u00dcr\u00fcn Kodu \u00a0\u00d6l\u00e7\u00fc \u00a0Paket \/ Koli \u00a0RTB5040 \u00a04 mm \u00a024 \/ 480 adet \u00a0RTB5050 \u00a05 mm \u00a024 \/ 480 adet \u00a0RTB5060 \u00a06 mm \u00a012 \/ 240 adet \u00a0RTB5080 \u00a08 mm \u00a012 \/ 144 adet \u00a0RTB5100 \u00a010 mm \u00a012 \/ &hellip; <\/p>\n<p class=\"link-more\"><a href=\"https:\/\/alibasakciend.com.tr\/?product=15604\" class=\"more-link\">Okumaya devam et<span class=\"screen-reader-text\"> &#8220;&#8221;<\/span><\/a><\/p>\n","protected":false},"featured_media":15605,"comment_status":"open","ping_status":"closed","template":"","meta":[],"product_brand":[],"product_cat":[15,73,72],"product_tag":[],"class_list":{"0":"post-15604","1":"product","2":"type-product","3":"status-publish","4":"has-post-thumbnail","6":"product_cat-genel","7":"product_cat-anahtarlar","8":"product_cat-hirdavat","9":"entry","11":"first","12":"instock","13":"shipping-taxable","14":"product-type-simple"},"_links":{"self":[{"href":"https:\/\/alibasakciend.com.tr\/index.php?rest_route=\/wp\/v2\/product\/15604","targetHints":{"allow":["GET"]}}],"collection":[{"href":"https:\/\/alibasakciend.com.tr\/index.php?rest_route=\/wp\/v2\/product"}],"about":[{"href":"https:\/\/alibasakciend.com.tr\/index.php?rest_route=\/wp\/v2\/types\/product"}],"replies":[{"embeddable":true,"href":"https:\/\/alibasakciend.com.tr\/index.php?rest_route=%2Fwp%2Fv2%2Fcomments&post=15604"}],"wp:featuredmedia":[{"embeddable":true,"href":"https:\/\/alibasakciend.com.tr\/index.php?rest_route=\/wp\/v2\/media\/15605"}],"wp:attachment":[{"href":"https:\/\/alibasakciend.com.tr\/index.php?rest_route=%2Fwp%2Fv2%2Fmedia&parent=15604"}],"wp:term":[{"taxonomy":"product_brand","embeddable":true,"href":"https:\/\/alibasakciend.com.tr\/index.php?rest_route=%2Fwp%2Fv2%2Fproduct_brand&post=15604"},{"taxonomy":"product_cat","embeddable":true,"href":"https:\/\/alibasakciend.com.tr\/index.php?rest_route=%2Fwp%2Fv2%2Fproduct_cat&post=15604"},{"taxonomy":"product_tag","embeddable":true,"href":"https:\/\/alibasakciend.com.tr\/index.php?rest_route=%2Fwp%2Fv2%2Fproduct_tag&post=15604"}],"curies":[{"name":"wp","href":"https:\/\/api.w.org\/{rel}","templated":true}]}}